{"id":30097,"date":"2021-02-25T16:44:17","date_gmt":"2021-02-25T15:44:17","guid":{"rendered":"https:\/\/www.mitacoolingtechnologies.com\/uslugi-i-doradztwo\/tailor-made-design\/"},"modified":"2024-08-09T11:49:23","modified_gmt":"2024-08-09T09:49:23","slug":"projekt-szyty-na-miare","status":"publish","type":"page","link":"https:\/\/mita.mentine.work\/pl\/uslugi-i-doradztwo\/projekt-szyty-na-miare\/","title":{"rendered":"Projekt szyty na miar\u0119"},"content":{"rendered":"","protected":false},"excerpt":{"rendered":"<p>Pe\u0142na gama ch\u0142odnic i agregat\u00f3w ch\u0142odniczych, dziesi\u0105tki wariant\u00f3w dla ka\u017cdego typu, rozwi\u0105zania dla ka\u017cdego zastosowania i wa\u017cne dostosowania: Konstrukcja MITA jest naprawd\u0119 szyta na miar\u0119.<\/p>\n","protected":false},"author":1,"featured_media":13720,"parent":18169,"menu_order":58,"comment_status":"closed","ping_status":"closed","template":"","meta":{"_acf_changed":false,"inline_featured_image":false,"footnotes":""},"class_list":["post-30097","page","type-page","status-publish","has-post-thumbnail","hentry"],"acf":[],"yoast_head":"<!-- This site is optimized with the Yoast SEO plugin v26.9 - https:\/\/yoast.com\/product\/yoast-seo-wordpress\/ -->\n<title>Projekt szyty na miar\u0119 - MITA Cooling Technologies<\/title>\n<meta name=\"description\" content=\"Dziesi\u0105tki wariant\u00f3w rozmiaru i mocy... oraz niestandardowe rozwi\u0105zania, kt\u00f3re mo\u017cna zaprojektowa\u0107 dla indywidualnego systemu.\" \/>\n<meta name=\"robots\" content=\"noindex, follow, max-snippet:-1, max-image-preview:large, max-video-preview:-1\" \/>\n<meta property=\"og:locale\" content=\"pl_PL\" \/>\n<meta property=\"og:type\" content=\"article\" \/>\n<meta property=\"og:title\" content=\"Projekt szyty na miar\u0119 - MITA Cooling Technologies\" \/>\n<meta property=\"og:description\" content=\"Dziesi\u0105tki wariant\u00f3w rozmiaru i mocy... oraz niestandardowe rozwi\u0105zania, kt\u00f3re mo\u017cna zaprojektowa\u0107 dla indywidualnego systemu.\" \/>\n<meta property=\"og:url\" content=\"https:\/\/mita.mentine.work\/pl\/uslugi-i-doradztwo\/projekt-szyty-na-miare\/\" \/>\n<meta property=\"og:site_name\" content=\"MITA Cooling Technologies\" \/>\n<meta property=\"article:publisher\" content=\"https:\/\/www.facebook.com\/MITA-Group-142299133128326\" \/>\n<meta property=\"article:modified_time\" content=\"2024-08-09T09:49:23+00:00\" \/>\n<meta property=\"og:image\" content=\"https:\/\/mita.mentine.work\/wp-content\/uploads\/2021\/04\/Overview-of-Cooling-Technologies.jpg\" \/>\n\t<meta property=\"og:image:width\" content=\"2560\" \/>\n\t<meta property=\"og:image:height\" content=\"1600\" \/>\n\t<meta property=\"og:image:type\" content=\"image\/jpeg\" \/>\n<meta name=\"twitter:card\" content=\"summary_large_image\" \/>\n<meta name=\"twitter:site\" content=\"@MITAgroup_ita\" \/>\n<script type=\"application\/ld+json\" class=\"yoast-schema-graph\">{\"@context\":\"https:\/\/schema.org\",\"@graph\":[{\"@type\":\"WebPage\",\"@id\":\"https:\/\/mita.mentine.work\/pl\/uslugi-i-doradztwo\/projekt-szyty-na-miare\/\",\"url\":\"https:\/\/mita.mentine.work\/pl\/uslugi-i-doradztwo\/projekt-szyty-na-miare\/\",\"name\":\"Projekt szyty na miar\u0119 - MITA Cooling Technologies\",\"isPartOf\":{\"@id\":\"https:\/\/mita-a11y.mentine.work\/#website\"},\"primaryImageOfPage\":{\"@id\":\"https:\/\/mita.mentine.work\/pl\/uslugi-i-doradztwo\/projekt-szyty-na-miare\/#primaryimage\"},\"image\":{\"@id\":\"https:\/\/mita.mentine.work\/pl\/uslugi-i-doradztwo\/projekt-szyty-na-miare\/#primaryimage\"},\"thumbnailUrl\":\"https:\/\/mita.mentine.work\/wp-content\/uploads\/2021\/04\/Overview-of-Cooling-Technologies.jpg\",\"datePublished\":\"2021-02-25T15:44:17+00:00\",\"dateModified\":\"2024-08-09T09:49:23+00:00\",\"description\":\"Dziesi\u0105tki wariant\u00f3w rozmiaru i mocy... oraz niestandardowe rozwi\u0105zania, kt\u00f3re mo\u017cna zaprojektowa\u0107 dla indywidualnego systemu.\",\"breadcrumb\":{\"@id\":\"https:\/\/mita.mentine.work\/pl\/uslugi-i-doradztwo\/projekt-szyty-na-miare\/#breadcrumb\"},\"inLanguage\":\"pl-PL\",\"potentialAction\":[{\"@type\":\"ReadAction\",\"target\":[\"https:\/\/mita.mentine.work\/pl\/uslugi-i-doradztwo\/projekt-szyty-na-miare\/\"]}]},{\"@type\":\"ImageObject\",\"inLanguage\":\"pl-PL\",\"@id\":\"https:\/\/mita.mentine.work\/pl\/uslugi-i-doradztwo\/projekt-szyty-na-miare\/#primaryimage\",\"url\":\"https:\/\/mita.mentine.work\/wp-content\/uploads\/2021\/04\/Overview-of-Cooling-Technologies.jpg\",\"contentUrl\":\"https:\/\/mita.mentine.work\/wp-content\/uploads\/2021\/04\/Overview-of-Cooling-Technologies.jpg\",\"width\":2560,\"height\":1600,\"caption\":\"Przegl\u0105d technologii ch\u0142odzenia\"},{\"@type\":\"BreadcrumbList\",\"@id\":\"https:\/\/mita.mentine.work\/pl\/uslugi-i-doradztwo\/projekt-szyty-na-miare\/#breadcrumb\",\"itemListElement\":[{\"@type\":\"ListItem\",\"position\":1,\"name\":\"Home\",\"item\":\"https:\/\/mita.mentine.work\/pl\/\"},{\"@type\":\"ListItem\",\"position\":2,\"name\":\"Us\u0142ugi i Doradztwo\",\"item\":\"https:\/\/mita.mentine.work\/pl\/uslugi-i-doradztwo\/\"},{\"@type\":\"ListItem\",\"position\":3,\"name\":\"Projekt szyty na miar\u0119\"}]},{\"@type\":\"WebSite\",\"@id\":\"https:\/\/mita-a11y.mentine.work\/#website\",\"url\":\"https:\/\/mita-a11y.mentine.work\/\",\"name\":\"MITA Cooling Technologies\",\"description\":\"Il tuo consulente del raffreddamento\",\"publisher\":{\"@id\":\"https:\/\/mita-a11y.mentine.work\/#organization\"},\"potentialAction\":[{\"@type\":\"SearchAction\",\"target\":{\"@type\":\"EntryPoint\",\"urlTemplate\":\"https:\/\/mita-a11y.mentine.work\/?s={search_term_string}\"},\"query-input\":{\"@type\":\"PropertyValueSpecification\",\"valueRequired\":true,\"valueName\":\"search_term_string\"}}],\"inLanguage\":\"pl-PL\"},{\"@type\":\"Organization\",\"@id\":\"https:\/\/mita-a11y.mentine.work\/#organization\",\"name\":\"MITA Cooling Technologies\",\"url\":\"https:\/\/mita-a11y.mentine.work\/\",\"logo\":{\"@type\":\"ImageObject\",\"inLanguage\":\"pl-PL\",\"@id\":\"https:\/\/mita-a11y.mentine.work\/#\/schema\/logo\/image\/\",\"url\":\"https:\/\/www.mitacoolingtechnologies.com\/wp-content\/uploads\/2021\/04\/MITA_cooling_alta.png\",\"contentUrl\":\"https:\/\/www.mitacoolingtechnologies.com\/wp-content\/uploads\/2021\/04\/MITA_cooling_alta.png\",\"width\":1676,\"height\":462,\"caption\":\"MITA Cooling Technologies\"},\"image\":{\"@id\":\"https:\/\/mita-a11y.mentine.work\/#\/schema\/logo\/image\/\"},\"sameAs\":[\"https:\/\/www.facebook.com\/MITA-Group-142299133128326\",\"https:\/\/x.com\/MITAgroup_ita\",\"https:\/\/www.instagram.com\/mitagroup_ita\/\",\"https:\/\/www.linkedin.com\/company\/mitacoolingtechnologies\/\",\"https:\/\/www.youtube.com\/playlist?list=PL6vCZ7E5FHe9AI-Ja5CIyfCGfJ-usQ71h\"]}]}<\/script>\n<!-- \/ Yoast SEO plugin. -->","yoast_head_json":{"title":"Projekt szyty na miar\u0119 - MITA Cooling Technologies","description":"Dziesi\u0105tki wariant\u00f3w rozmiaru i mocy... oraz niestandardowe rozwi\u0105zania, kt\u00f3re mo\u017cna zaprojektowa\u0107 dla indywidualnego systemu.","robots":{"index":"noindex","follow":"follow","max-snippet":"max-snippet:-1","max-image-preview":"max-image-preview:large","max-video-preview":"max-video-preview:-1"},"og_locale":"pl_PL","og_type":"article","og_title":"Projekt szyty na miar\u0119 - MITA Cooling Technologies","og_description":"Dziesi\u0105tki wariant\u00f3w rozmiaru i mocy... oraz niestandardowe rozwi\u0105zania, kt\u00f3re mo\u017cna zaprojektowa\u0107 dla indywidualnego systemu.","og_url":"https:\/\/mita.mentine.work\/pl\/uslugi-i-doradztwo\/projekt-szyty-na-miare\/","og_site_name":"MITA Cooling Technologies","article_publisher":"https:\/\/www.facebook.com\/MITA-Group-142299133128326","article_modified_time":"2024-08-09T09:49:23+00:00","og_image":[{"width":2560,"height":1600,"url":"https:\/\/mita.mentine.work\/wp-content\/uploads\/2021\/04\/Overview-of-Cooling-Technologies.jpg","type":"image\/jpeg"}],"twitter_card":"summary_large_image","twitter_site":"@MITAgroup_ita","schema":{"@context":"https:\/\/schema.org","@graph":[{"@type":"WebPage","@id":"https:\/\/mita.mentine.work\/pl\/uslugi-i-doradztwo\/projekt-szyty-na-miare\/","url":"https:\/\/mita.mentine.work\/pl\/uslugi-i-doradztwo\/projekt-szyty-na-miare\/","name":"Projekt szyty na miar\u0119 - MITA Cooling Technologies","isPartOf":{"@id":"https:\/\/mita-a11y.mentine.work\/#website"},"primaryImageOfPage":{"@id":"https:\/\/mita.mentine.work\/pl\/uslugi-i-doradztwo\/projekt-szyty-na-miare\/#primaryimage"},"image":{"@id":"https:\/\/mita.mentine.work\/pl\/uslugi-i-doradztwo\/projekt-szyty-na-miare\/#primaryimage"},"thumbnailUrl":"https:\/\/mita.mentine.work\/wp-content\/uploads\/2021\/04\/Overview-of-Cooling-Technologies.jpg","datePublished":"2021-02-25T15:44:17+00:00","dateModified":"2024-08-09T09:49:23+00:00","description":"Dziesi\u0105tki wariant\u00f3w rozmiaru i mocy... oraz niestandardowe rozwi\u0105zania, kt\u00f3re mo\u017cna zaprojektowa\u0107 dla indywidualnego systemu.","breadcrumb":{"@id":"https:\/\/mita.mentine.work\/pl\/uslugi-i-doradztwo\/projekt-szyty-na-miare\/#breadcrumb"},"inLanguage":"pl-PL","potentialAction":[{"@type":"ReadAction","target":["https:\/\/mita.mentine.work\/pl\/uslugi-i-doradztwo\/projekt-szyty-na-miare\/"]}]},{"@type":"ImageObject","inLanguage":"pl-PL","@id":"https:\/\/mita.mentine.work\/pl\/uslugi-i-doradztwo\/projekt-szyty-na-miare\/#primaryimage","url":"https:\/\/mita.mentine.work\/wp-content\/uploads\/2021\/04\/Overview-of-Cooling-Technologies.jpg","contentUrl":"https:\/\/mita.mentine.work\/wp-content\/uploads\/2021\/04\/Overview-of-Cooling-Technologies.jpg","width":2560,"height":1600,"caption":"Przegl\u0105d technologii ch\u0142odzenia"},{"@type":"BreadcrumbList","@id":"https:\/\/mita.mentine.work\/pl\/uslugi-i-doradztwo\/projekt-szyty-na-miare\/#breadcrumb","itemListElement":[{"@type":"ListItem","position":1,"name":"Home","item":"https:\/\/mita.mentine.work\/pl\/"},{"@type":"ListItem","position":2,"name":"Us\u0142ugi i Doradztwo","item":"https:\/\/mita.mentine.work\/pl\/uslugi-i-doradztwo\/"},{"@type":"ListItem","position":3,"name":"Projekt szyty na miar\u0119"}]},{"@type":"WebSite","@id":"https:\/\/mita-a11y.mentine.work\/#website","url":"https:\/\/mita-a11y.mentine.work\/","name":"MITA Cooling Technologies","description":"Il tuo consulente del raffreddamento","publisher":{"@id":"https:\/\/mita-a11y.mentine.work\/#organization"},"potentialAction":[{"@type":"SearchAction","target":{"@type":"EntryPoint","urlTemplate":"https:\/\/mita-a11y.mentine.work\/?s={search_term_string}"},"query-input":{"@type":"PropertyValueSpecification","valueRequired":true,"valueName":"search_term_string"}}],"inLanguage":"pl-PL"},{"@type":"Organization","@id":"https:\/\/mita-a11y.mentine.work\/#organization","name":"MITA Cooling Technologies","url":"https:\/\/mita-a11y.mentine.work\/","logo":{"@type":"ImageObject","inLanguage":"pl-PL","@id":"https:\/\/mita-a11y.mentine.work\/#\/schema\/logo\/image\/","url":"https:\/\/www.mitacoolingtechnologies.com\/wp-content\/uploads\/2021\/04\/MITA_cooling_alta.png","contentUrl":"https:\/\/www.mitacoolingtechnologies.com\/wp-content\/uploads\/2021\/04\/MITA_cooling_alta.png","width":1676,"height":462,"caption":"MITA Cooling Technologies"},"image":{"@id":"https:\/\/mita-a11y.mentine.work\/#\/schema\/logo\/image\/"},"sameAs":["https:\/\/www.facebook.com\/MITA-Group-142299133128326","https:\/\/x.com\/MITAgroup_ita","https:\/\/www.instagram.com\/mitagroup_ita\/","https:\/\/www.linkedin.com\/company\/mitacoolingtechnologies\/","https:\/\/www.youtube.com\/playlist?list=PL6vCZ7E5FHe9AI-Ja5CIyfCGfJ-usQ71h"]}]}},"_links":{"self":[{"href":"https:\/\/mita.mentine.work\/pl\/wp-json\/wp\/v2\/pages\/30097","targetHints":{"allow":["GET"]}}],"collection":[{"href":"https:\/\/mita.mentine.work\/pl\/wp-json\/wp\/v2\/pages"}],"about":[{"href":"https:\/\/mita.mentine.work\/pl\/wp-json\/wp\/v2\/types\/page"}],"author":[{"embeddable":true,"href":"https:\/\/mita.mentine.work\/pl\/wp-json\/wp\/v2\/users\/1"}],"replies":[{"embeddable":true,"href":"https:\/\/mita.mentine.work\/pl\/wp-json\/wp\/v2\/comments?post=30097"}],"version-history":[{"count":3,"href":"https:\/\/mita.mentine.work\/pl\/wp-json\/wp\/v2\/pages\/30097\/revisions"}],"predecessor-version":[{"id":40836,"href":"https:\/\/mita.mentine.work\/pl\/wp-json\/wp\/v2\/pages\/30097\/revisions\/40836"}],"up":[{"embeddable":true,"href":"https:\/\/mita.mentine.work\/pl\/wp-json\/wp\/v2\/pages\/18169"}],"wp:featuredmedia":[{"embeddable":true,"href":"https:\/\/mita.mentine.work\/pl\/wp-json\/wp\/v2\/media\/13720"}],"wp:attachment":[{"href":"https:\/\/mita.mentine.work\/pl\/wp-json\/wp\/v2\/media?parent=30097"}],"curies":[{"name":"wp","href":"https:\/\/api.w.org\/{rel}","templated":true}]}}