{"id":20121,"date":"2023-04-20T10:01:55","date_gmt":"2023-04-20T08:01:55","guid":{"rendered":"https:\/\/www.mitacoolingtechnologies.com\/uslugi-i-doradztwo\/cooling-system-remanufacturing\/"},"modified":"2024-08-09T11:54:49","modified_gmt":"2024-08-09T09:54:49","slug":"regeneracja-ukladu-chlodzenia","status":"publish","type":"page","link":"https:\/\/mita.mentine.work\/pl\/uslugi-i-doradztwo\/regeneracja-ukladu-chlodzenia\/","title":{"rendered":"Regeneracja uk\u0142adu ch\u0142odzenia"},"content":{"rendered":"","protected":false},"excerpt":{"rendered":"<p>Mo\u017cesz naby\u0107 zregenerowany i wydajny uk\u0142ad ch\u0142odzenia, zmniejszaj\u0105c koszty nabycia. Ekonomiczno\u015b\u0107, wydajno\u015b\u0107.<\/p>\n","protected":false},"author":3,"featured_media":20065,"parent":18169,"menu_order":69,"comment_status":"closed","ping_status":"closed","template":"","meta":{"_acf_changed":false,"inline_featured_image":false,"footnotes":""},"class_list":["post-20121","page","type-page","status-publish","has-post-thumbnail","hentry"],"acf":[],"yoast_head":"<!-- This site is optimized with the Yoast SEO plugin v26.9 - https:\/\/yoast.com\/product\/yoast-seo-wordpress\/ -->\n<title>Regeneracja uk\u0142adu ch\u0142odzenia - MITA Cooling Technologies<\/title>\n<meta name=\"description\" content=\"Mo\u017cesz naby\u0107 zregenerowany i wydajny uk\u0142ad ch\u0142odzenia, zmniejszaj\u0105c koszty nabycia. Ekonomiczno\u015b\u0107, wydajno\u015b\u0107.\" \/>\n<meta name=\"robots\" content=\"noindex, follow, max-snippet:-1, max-image-preview:large, max-video-preview:-1\" \/>\n<meta property=\"og:locale\" content=\"pl_PL\" \/>\n<meta property=\"og:type\" content=\"article\" \/>\n<meta property=\"og:title\" content=\"Regeneracja uk\u0142adu ch\u0142odzenia - MITA Cooling Technologies\" \/>\n<meta property=\"og:description\" content=\"Mo\u017cesz naby\u0107 zregenerowany i wydajny uk\u0142ad ch\u0142odzenia, zmniejszaj\u0105c koszty nabycia. Ekonomiczno\u015b\u0107, wydajno\u015b\u0107.\" \/>\n<meta property=\"og:url\" content=\"https:\/\/mita.mentine.work\/pl\/uslugi-i-doradztwo\/regeneracja-ukladu-chlodzenia\/\" \/>\n<meta property=\"og:site_name\" content=\"MITA Cooling Technologies\" \/>\n<meta property=\"article:publisher\" content=\"https:\/\/www.facebook.com\/MITA-Group-142299133128326\" \/>\n<meta property=\"article:modified_time\" content=\"2024-08-09T09:54:49+00:00\" \/>\n<meta property=\"og:image\" content=\"https:\/\/mita.mentine.work\/wp-content\/uploads\/2023\/04\/Cooler-Remanufacturing-IT.jpg\" \/>\n\t<meta property=\"og:image:width\" content=\"1408\" \/>\n\t<meta property=\"og:image:height\" content=\"792\" \/>\n\t<meta property=\"og:image:type\" content=\"image\/jpeg\" \/>\n<meta name=\"twitter:card\" content=\"summary_large_image\" \/>\n<meta name=\"twitter:site\" content=\"@MITAgroup_ita\" \/>\n<script type=\"application\/ld+json\" class=\"yoast-schema-graph\">{\"@context\":\"https:\/\/schema.org\",\"@graph\":[{\"@type\":\"WebPage\",\"@id\":\"https:\/\/mita.mentine.work\/pl\/uslugi-i-doradztwo\/regeneracja-ukladu-chlodzenia\/\",\"url\":\"https:\/\/mita.mentine.work\/pl\/uslugi-i-doradztwo\/regeneracja-ukladu-chlodzenia\/\",\"name\":\"Regeneracja uk\u0142adu ch\u0142odzenia - MITA Cooling Technologies\",\"isPartOf\":{\"@id\":\"https:\/\/mita-a11y.mentine.work\/#website\"},\"primaryImageOfPage\":{\"@id\":\"https:\/\/mita.mentine.work\/pl\/uslugi-i-doradztwo\/regeneracja-ukladu-chlodzenia\/#primaryimage\"},\"image\":{\"@id\":\"https:\/\/mita.mentine.work\/pl\/uslugi-i-doradztwo\/regeneracja-ukladu-chlodzenia\/#primaryimage\"},\"thumbnailUrl\":\"https:\/\/mita.mentine.work\/wp-content\/uploads\/2023\/04\/Cooler-Remanufacturing-IT.jpg\",\"datePublished\":\"2023-04-20T08:01:55+00:00\",\"dateModified\":\"2024-08-09T09:54:49+00:00\",\"description\":\"Mo\u017cesz naby\u0107 zregenerowany i wydajny uk\u0142ad ch\u0142odzenia, zmniejszaj\u0105c koszty nabycia. Ekonomiczno\u015b\u0107, wydajno\u015b\u0107.\",\"breadcrumb\":{\"@id\":\"https:\/\/mita.mentine.work\/pl\/uslugi-i-doradztwo\/regeneracja-ukladu-chlodzenia\/#breadcrumb\"},\"inLanguage\":\"pl-PL\",\"potentialAction\":[{\"@type\":\"ReadAction\",\"target\":[\"https:\/\/mita.mentine.work\/pl\/uslugi-i-doradztwo\/regeneracja-ukladu-chlodzenia\/\"]}]},{\"@type\":\"ImageObject\",\"inLanguage\":\"pl-PL\",\"@id\":\"https:\/\/mita.mentine.work\/pl\/uslugi-i-doradztwo\/regeneracja-ukladu-chlodzenia\/#primaryimage\",\"url\":\"https:\/\/mita.mentine.work\/wp-content\/uploads\/2023\/04\/Cooler-Remanufacturing-IT.jpg\",\"contentUrl\":\"https:\/\/mita.mentine.work\/wp-content\/uploads\/2023\/04\/Cooler-Remanufacturing-IT.jpg\",\"width\":1408,\"height\":792,\"caption\":\"Regeneracja ch\u0142odnic\"},{\"@type\":\"BreadcrumbList\",\"@id\":\"https:\/\/mita.mentine.work\/pl\/uslugi-i-doradztwo\/regeneracja-ukladu-chlodzenia\/#breadcrumb\",\"itemListElement\":[{\"@type\":\"ListItem\",\"position\":1,\"name\":\"Home\",\"item\":\"https:\/\/mita.mentine.work\/pl\/\"},{\"@type\":\"ListItem\",\"position\":2,\"name\":\"Us\u0142ugi i Doradztwo\",\"item\":\"https:\/\/mita.mentine.work\/pl\/uslugi-i-doradztwo\/\"},{\"@type\":\"ListItem\",\"position\":3,\"name\":\"Regeneracja uk\u0142adu ch\u0142odzenia\"}]},{\"@type\":\"WebSite\",\"@id\":\"https:\/\/mita-a11y.mentine.work\/#website\",\"url\":\"https:\/\/mita-a11y.mentine.work\/\",\"name\":\"MITA Cooling Technologies\",\"description\":\"Il tuo consulente del raffreddamento\",\"publisher\":{\"@id\":\"https:\/\/mita-a11y.mentine.work\/#organization\"},\"potentialAction\":[{\"@type\":\"SearchAction\",\"target\":{\"@type\":\"EntryPoint\",\"urlTemplate\":\"https:\/\/mita-a11y.mentine.work\/?s={search_term_string}\"},\"query-input\":{\"@type\":\"PropertyValueSpecification\",\"valueRequired\":true,\"valueName\":\"search_term_string\"}}],\"inLanguage\":\"pl-PL\"},{\"@type\":\"Organization\",\"@id\":\"https:\/\/mita-a11y.mentine.work\/#organization\",\"name\":\"MITA Cooling Technologies\",\"url\":\"https:\/\/mita-a11y.mentine.work\/\",\"logo\":{\"@type\":\"ImageObject\",\"inLanguage\":\"pl-PL\",\"@id\":\"https:\/\/mita-a11y.mentine.work\/#\/schema\/logo\/image\/\",\"url\":\"https:\/\/www.mitacoolingtechnologies.com\/wp-content\/uploads\/2021\/04\/MITA_cooling_alta.png\",\"contentUrl\":\"https:\/\/www.mitacoolingtechnologies.com\/wp-content\/uploads\/2021\/04\/MITA_cooling_alta.png\",\"width\":1676,\"height\":462,\"caption\":\"MITA Cooling Technologies\"},\"image\":{\"@id\":\"https:\/\/mita-a11y.mentine.work\/#\/schema\/logo\/image\/\"},\"sameAs\":[\"https:\/\/www.facebook.com\/MITA-Group-142299133128326\",\"https:\/\/x.com\/MITAgroup_ita\",\"https:\/\/www.instagram.com\/mitagroup_ita\/\",\"https:\/\/www.linkedin.com\/company\/mitacoolingtechnologies\/\",\"https:\/\/www.youtube.com\/playlist?list=PL6vCZ7E5FHe9AI-Ja5CIyfCGfJ-usQ71h\"]}]}<\/script>\n<!-- \/ Yoast SEO plugin. -->","yoast_head_json":{"title":"Regeneracja uk\u0142adu ch\u0142odzenia - MITA Cooling Technologies","description":"Mo\u017cesz naby\u0107 zregenerowany i wydajny uk\u0142ad ch\u0142odzenia, zmniejszaj\u0105c koszty nabycia. Ekonomiczno\u015b\u0107, wydajno\u015b\u0107.","robots":{"index":"noindex","follow":"follow","max-snippet":"max-snippet:-1","max-image-preview":"max-image-preview:large","max-video-preview":"max-video-preview:-1"},"og_locale":"pl_PL","og_type":"article","og_title":"Regeneracja uk\u0142adu ch\u0142odzenia - MITA Cooling Technologies","og_description":"Mo\u017cesz naby\u0107 zregenerowany i wydajny uk\u0142ad ch\u0142odzenia, zmniejszaj\u0105c koszty nabycia. Ekonomiczno\u015b\u0107, wydajno\u015b\u0107.","og_url":"https:\/\/mita.mentine.work\/pl\/uslugi-i-doradztwo\/regeneracja-ukladu-chlodzenia\/","og_site_name":"MITA Cooling Technologies","article_publisher":"https:\/\/www.facebook.com\/MITA-Group-142299133128326","article_modified_time":"2024-08-09T09:54:49+00:00","og_image":[{"width":1408,"height":792,"url":"https:\/\/mita.mentine.work\/wp-content\/uploads\/2023\/04\/Cooler-Remanufacturing-IT.jpg","type":"image\/jpeg"}],"twitter_card":"summary_large_image","twitter_site":"@MITAgroup_ita","schema":{"@context":"https:\/\/schema.org","@graph":[{"@type":"WebPage","@id":"https:\/\/mita.mentine.work\/pl\/uslugi-i-doradztwo\/regeneracja-ukladu-chlodzenia\/","url":"https:\/\/mita.mentine.work\/pl\/uslugi-i-doradztwo\/regeneracja-ukladu-chlodzenia\/","name":"Regeneracja uk\u0142adu ch\u0142odzenia - MITA Cooling Technologies","isPartOf":{"@id":"https:\/\/mita-a11y.mentine.work\/#website"},"primaryImageOfPage":{"@id":"https:\/\/mita.mentine.work\/pl\/uslugi-i-doradztwo\/regeneracja-ukladu-chlodzenia\/#primaryimage"},"image":{"@id":"https:\/\/mita.mentine.work\/pl\/uslugi-i-doradztwo\/regeneracja-ukladu-chlodzenia\/#primaryimage"},"thumbnailUrl":"https:\/\/mita.mentine.work\/wp-content\/uploads\/2023\/04\/Cooler-Remanufacturing-IT.jpg","datePublished":"2023-04-20T08:01:55+00:00","dateModified":"2024-08-09T09:54:49+00:00","description":"Mo\u017cesz naby\u0107 zregenerowany i wydajny uk\u0142ad ch\u0142odzenia, zmniejszaj\u0105c koszty nabycia. Ekonomiczno\u015b\u0107, wydajno\u015b\u0107.","breadcrumb":{"@id":"https:\/\/mita.mentine.work\/pl\/uslugi-i-doradztwo\/regeneracja-ukladu-chlodzenia\/#breadcrumb"},"inLanguage":"pl-PL","potentialAction":[{"@type":"ReadAction","target":["https:\/\/mita.mentine.work\/pl\/uslugi-i-doradztwo\/regeneracja-ukladu-chlodzenia\/"]}]},{"@type":"ImageObject","inLanguage":"pl-PL","@id":"https:\/\/mita.mentine.work\/pl\/uslugi-i-doradztwo\/regeneracja-ukladu-chlodzenia\/#primaryimage","url":"https:\/\/mita.mentine.work\/wp-content\/uploads\/2023\/04\/Cooler-Remanufacturing-IT.jpg","contentUrl":"https:\/\/mita.mentine.work\/wp-content\/uploads\/2023\/04\/Cooler-Remanufacturing-IT.jpg","width":1408,"height":792,"caption":"Regeneracja ch\u0142odnic"},{"@type":"BreadcrumbList","@id":"https:\/\/mita.mentine.work\/pl\/uslugi-i-doradztwo\/regeneracja-ukladu-chlodzenia\/#breadcrumb","itemListElement":[{"@type":"ListItem","position":1,"name":"Home","item":"https:\/\/mita.mentine.work\/pl\/"},{"@type":"ListItem","position":2,"name":"Us\u0142ugi i Doradztwo","item":"https:\/\/mita.mentine.work\/pl\/uslugi-i-doradztwo\/"},{"@type":"ListItem","position":3,"name":"Regeneracja uk\u0142adu ch\u0142odzenia"}]},{"@type":"WebSite","@id":"https:\/\/mita-a11y.mentine.work\/#website","url":"https:\/\/mita-a11y.mentine.work\/","name":"MITA Cooling Technologies","description":"Il tuo consulente del raffreddamento","publisher":{"@id":"https:\/\/mita-a11y.mentine.work\/#organization"},"potentialAction":[{"@type":"SearchAction","target":{"@type":"EntryPoint","urlTemplate":"https:\/\/mita-a11y.mentine.work\/?s={search_term_string}"},"query-input":{"@type":"PropertyValueSpecification","valueRequired":true,"valueName":"search_term_string"}}],"inLanguage":"pl-PL"},{"@type":"Organization","@id":"https:\/\/mita-a11y.mentine.work\/#organization","name":"MITA Cooling Technologies","url":"https:\/\/mita-a11y.mentine.work\/","logo":{"@type":"ImageObject","inLanguage":"pl-PL","@id":"https:\/\/mita-a11y.mentine.work\/#\/schema\/logo\/image\/","url":"https:\/\/www.mitacoolingtechnologies.com\/wp-content\/uploads\/2021\/04\/MITA_cooling_alta.png","contentUrl":"https:\/\/www.mitacoolingtechnologies.com\/wp-content\/uploads\/2021\/04\/MITA_cooling_alta.png","width":1676,"height":462,"caption":"MITA Cooling Technologies"},"image":{"@id":"https:\/\/mita-a11y.mentine.work\/#\/schema\/logo\/image\/"},"sameAs":["https:\/\/www.facebook.com\/MITA-Group-142299133128326","https:\/\/x.com\/MITAgroup_ita","https:\/\/www.instagram.com\/mitagroup_ita\/","https:\/\/www.linkedin.com\/company\/mitacoolingtechnologies\/","https:\/\/www.youtube.com\/playlist?list=PL6vCZ7E5FHe9AI-Ja5CIyfCGfJ-usQ71h"]}]}},"_links":{"self":[{"href":"https:\/\/mita.mentine.work\/pl\/wp-json\/wp\/v2\/pages\/20121","targetHints":{"allow":["GET"]}}],"collection":[{"href":"https:\/\/mita.mentine.work\/pl\/wp-json\/wp\/v2\/pages"}],"about":[{"href":"https:\/\/mita.mentine.work\/pl\/wp-json\/wp\/v2\/types\/page"}],"author":[{"embeddable":true,"href":"https:\/\/mita.mentine.work\/pl\/wp-json\/wp\/v2\/users\/3"}],"replies":[{"embeddable":true,"href":"https:\/\/mita.mentine.work\/pl\/wp-json\/wp\/v2\/comments?post=20121"}],"version-history":[{"count":5,"href":"https:\/\/mita.mentine.work\/pl\/wp-json\/wp\/v2\/pages\/20121\/revisions"}],"predecessor-version":[{"id":40840,"href":"https:\/\/mita.mentine.work\/pl\/wp-json\/wp\/v2\/pages\/20121\/revisions\/40840"}],"up":[{"embeddable":true,"href":"https:\/\/mita.mentine.work\/pl\/wp-json\/wp\/v2\/pages\/18169"}],"wp:featuredmedia":[{"embeddable":true,"href":"https:\/\/mita.mentine.work\/pl\/wp-json\/wp\/v2\/media\/20065"}],"wp:attachment":[{"href":"https:\/\/mita.mentine.work\/pl\/wp-json\/wp\/v2\/media?parent=20121"}],"curies":[{"name":"wp","href":"https:\/\/api.w.org\/{rel}","templated":true}]}}