{"id":18003,"date":"2021-02-25T16:46:16","date_gmt":"2021-02-25T15:46:16","guid":{"rendered":"https:\/\/www.mitacoolingtechnologies.com\/serwis\/spare-parts\/"},"modified":"2024-08-09T11:10:39","modified_gmt":"2024-08-09T09:10:39","slug":"czesci-zamienne-dla-chlodni-wyparnych-oraz-chlodnic-przemyslowych","status":"publish","type":"page","link":"https:\/\/mita.mentine.work\/pl\/serwis\/czesci-zamienne-dla-chlodni-wyparnych-oraz-chlodnic-przemyslowych\/","title":{"rendered":"Cz\u0119\u015b\u0107i zamienne"},"content":{"rendered":"","protected":false},"excerpt":{"rendered":"","protected":false},"author":1,"featured_media":18004,"parent":17979,"menu_order":187,"comment_status":"closed","ping_status":"closed","template":"","meta":{"_acf_changed":false,"inline_featured_image":false,"footnotes":""},"class_list":["post-18003","page","type-page","status-publish","has-post-thumbnail","hentry"],"acf":[],"yoast_head":"<!-- This site is optimized with the Yoast SEO plugin v26.9 - https:\/\/yoast.com\/product\/yoast-seo-wordpress\/ -->\n<title>Cz\u0119\u015b\u0107i zamienne - MITA Cooling Technologies<\/title>\n<meta name=\"description\" content=\"MITA offers wide spare part sets. Wa\u017cne jest, aby ch\u0142odnia pracowa\u0142a z maksymaln\u0105 wydajno\u015bci\u0105, aby zaoszcz\u0119dzi\u0107 energi\u0119 i czas serwisu.\" \/>\n<meta name=\"robots\" content=\"noindex, follow, max-snippet:-1, max-image-preview:large, max-video-preview:-1\" \/>\n<meta property=\"og:locale\" content=\"pl_PL\" \/>\n<meta property=\"og:type\" content=\"article\" \/>\n<meta property=\"og:title\" content=\"Cz\u0119\u015b\u0107i zamienne - MITA Cooling Technologies\" \/>\n<meta property=\"og:description\" content=\"MITA offers wide spare part sets. Wa\u017cne jest, aby ch\u0142odnia pracowa\u0142a z maksymaln\u0105 wydajno\u015bci\u0105, aby zaoszcz\u0119dzi\u0107 energi\u0119 i czas serwisu.\" \/>\n<meta property=\"og:url\" content=\"https:\/\/mita.mentine.work\/pl\/serwis\/czesci-zamienne-dla-chlodni-wyparnych-oraz-chlodnic-przemyslowych\/\" \/>\n<meta property=\"og:site_name\" content=\"MITA Cooling Technologies\" \/>\n<meta property=\"article:publisher\" content=\"https:\/\/www.facebook.com\/MITA-Group-142299133128326\" \/>\n<meta property=\"article:modified_time\" content=\"2024-08-09T09:10:39+00:00\" \/>\n<meta property=\"og:image\" content=\"https:\/\/mita.mentine.work\/wp-content\/uploads\/2021\/03\/Spare-Parts-for-Cooling-Technologies-3.jpg\" \/>\n\t<meta property=\"og:image:width\" content=\"1920\" \/>\n\t<meta property=\"og:image:height\" content=\"1080\" \/>\n\t<meta property=\"og:image:type\" content=\"image\/jpeg\" \/>\n<meta name=\"twitter:card\" content=\"summary_large_image\" \/>\n<meta name=\"twitter:site\" content=\"@MITAgroup_ita\" \/>\n<script type=\"application\/ld+json\" class=\"yoast-schema-graph\">{\"@context\":\"https:\/\/schema.org\",\"@graph\":[{\"@type\":\"WebPage\",\"@id\":\"https:\/\/mita.mentine.work\/pl\/serwis\/czesci-zamienne-dla-chlodni-wyparnych-oraz-chlodnic-przemyslowych\/\",\"url\":\"https:\/\/mita.mentine.work\/pl\/serwis\/czesci-zamienne-dla-chlodni-wyparnych-oraz-chlodnic-przemyslowych\/\",\"name\":\"Cz\u0119\u015b\u0107i zamienne - MITA Cooling Technologies\",\"isPartOf\":{\"@id\":\"https:\/\/mita-a11y.mentine.work\/#website\"},\"primaryImageOfPage\":{\"@id\":\"https:\/\/mita.mentine.work\/pl\/serwis\/czesci-zamienne-dla-chlodni-wyparnych-oraz-chlodnic-przemyslowych\/#primaryimage\"},\"image\":{\"@id\":\"https:\/\/mita.mentine.work\/pl\/serwis\/czesci-zamienne-dla-chlodni-wyparnych-oraz-chlodnic-przemyslowych\/#primaryimage\"},\"thumbnailUrl\":\"https:\/\/mita.mentine.work\/wp-content\/uploads\/2021\/03\/Spare-Parts-for-Cooling-Technologies-3.jpg\",\"datePublished\":\"2021-02-25T15:46:16+00:00\",\"dateModified\":\"2024-08-09T09:10:39+00:00\",\"description\":\"MITA offers wide spare part sets. Wa\u017cne jest, aby ch\u0142odnia pracowa\u0142a z maksymaln\u0105 wydajno\u015bci\u0105, aby zaoszcz\u0119dzi\u0107 energi\u0119 i czas serwisu.\",\"breadcrumb\":{\"@id\":\"https:\/\/mita.mentine.work\/pl\/serwis\/czesci-zamienne-dla-chlodni-wyparnych-oraz-chlodnic-przemyslowych\/#breadcrumb\"},\"inLanguage\":\"pl-PL\",\"potentialAction\":[{\"@type\":\"ReadAction\",\"target\":[\"https:\/\/mita.mentine.work\/pl\/serwis\/czesci-zamienne-dla-chlodni-wyparnych-oraz-chlodnic-przemyslowych\/\"]}]},{\"@type\":\"ImageObject\",\"inLanguage\":\"pl-PL\",\"@id\":\"https:\/\/mita.mentine.work\/pl\/serwis\/czesci-zamienne-dla-chlodni-wyparnych-oraz-chlodnic-przemyslowych\/#primaryimage\",\"url\":\"https:\/\/mita.mentine.work\/wp-content\/uploads\/2021\/03\/Spare-Parts-for-Cooling-Technologies-3.jpg\",\"contentUrl\":\"https:\/\/mita.mentine.work\/wp-content\/uploads\/2021\/03\/Spare-Parts-for-Cooling-Technologies-3.jpg\",\"width\":1920,\"height\":1080,\"caption\":\"Cz\u0119\u015bci zamienne do technologii ch\u0142odzenia\"},{\"@type\":\"BreadcrumbList\",\"@id\":\"https:\/\/mita.mentine.work\/pl\/serwis\/czesci-zamienne-dla-chlodni-wyparnych-oraz-chlodnic-przemyslowych\/#breadcrumb\",\"itemListElement\":[{\"@type\":\"ListItem\",\"position\":1,\"name\":\"Home\",\"item\":\"https:\/\/mita.mentine.work\/pl\/\"},{\"@type\":\"ListItem\",\"position\":2,\"name\":\"Serwis\",\"item\":\"https:\/\/mita.mentine.work\/pl\/serwis\/\"},{\"@type\":\"ListItem\",\"position\":3,\"name\":\"Cz\u0119\u015b\u0107i zamienne\"}]},{\"@type\":\"WebSite\",\"@id\":\"https:\/\/mita-a11y.mentine.work\/#website\",\"url\":\"https:\/\/mita-a11y.mentine.work\/\",\"name\":\"MITA Cooling Technologies\",\"description\":\"Il tuo consulente del raffreddamento\",\"publisher\":{\"@id\":\"https:\/\/mita-a11y.mentine.work\/#organization\"},\"potentialAction\":[{\"@type\":\"SearchAction\",\"target\":{\"@type\":\"EntryPoint\",\"urlTemplate\":\"https:\/\/mita-a11y.mentine.work\/?s={search_term_string}\"},\"query-input\":{\"@type\":\"PropertyValueSpecification\",\"valueRequired\":true,\"valueName\":\"search_term_string\"}}],\"inLanguage\":\"pl-PL\"},{\"@type\":\"Organization\",\"@id\":\"https:\/\/mita-a11y.mentine.work\/#organization\",\"name\":\"MITA Cooling Technologies\",\"url\":\"https:\/\/mita-a11y.mentine.work\/\",\"logo\":{\"@type\":\"ImageObject\",\"inLanguage\":\"pl-PL\",\"@id\":\"https:\/\/mita-a11y.mentine.work\/#\/schema\/logo\/image\/\",\"url\":\"https:\/\/www.mitacoolingtechnologies.com\/wp-content\/uploads\/2021\/04\/MITA_cooling_alta.png\",\"contentUrl\":\"https:\/\/www.mitacoolingtechnologies.com\/wp-content\/uploads\/2021\/04\/MITA_cooling_alta.png\",\"width\":1676,\"height\":462,\"caption\":\"MITA Cooling Technologies\"},\"image\":{\"@id\":\"https:\/\/mita-a11y.mentine.work\/#\/schema\/logo\/image\/\"},\"sameAs\":[\"https:\/\/www.facebook.com\/MITA-Group-142299133128326\",\"https:\/\/x.com\/MITAgroup_ita\",\"https:\/\/www.instagram.com\/mitagroup_ita\/\",\"https:\/\/www.linkedin.com\/company\/mitacoolingtechnologies\/\",\"https:\/\/www.youtube.com\/playlist?list=PL6vCZ7E5FHe9AI-Ja5CIyfCGfJ-usQ71h\"]}]}<\/script>\n<!-- \/ Yoast SEO plugin. -->","yoast_head_json":{"title":"Cz\u0119\u015b\u0107i zamienne - MITA Cooling Technologies","description":"MITA offers wide spare part sets. Wa\u017cne jest, aby ch\u0142odnia pracowa\u0142a z maksymaln\u0105 wydajno\u015bci\u0105, aby zaoszcz\u0119dzi\u0107 energi\u0119 i czas serwisu.","robots":{"index":"noindex","follow":"follow","max-snippet":"max-snippet:-1","max-image-preview":"max-image-preview:large","max-video-preview":"max-video-preview:-1"},"og_locale":"pl_PL","og_type":"article","og_title":"Cz\u0119\u015b\u0107i zamienne - MITA Cooling Technologies","og_description":"MITA offers wide spare part sets. Wa\u017cne jest, aby ch\u0142odnia pracowa\u0142a z maksymaln\u0105 wydajno\u015bci\u0105, aby zaoszcz\u0119dzi\u0107 energi\u0119 i czas serwisu.","og_url":"https:\/\/mita.mentine.work\/pl\/serwis\/czesci-zamienne-dla-chlodni-wyparnych-oraz-chlodnic-przemyslowych\/","og_site_name":"MITA Cooling Technologies","article_publisher":"https:\/\/www.facebook.com\/MITA-Group-142299133128326","article_modified_time":"2024-08-09T09:10:39+00:00","og_image":[{"width":1920,"height":1080,"url":"https:\/\/mita.mentine.work\/wp-content\/uploads\/2021\/03\/Spare-Parts-for-Cooling-Technologies-3.jpg","type":"image\/jpeg"}],"twitter_card":"summary_large_image","twitter_site":"@MITAgroup_ita","schema":{"@context":"https:\/\/schema.org","@graph":[{"@type":"WebPage","@id":"https:\/\/mita.mentine.work\/pl\/serwis\/czesci-zamienne-dla-chlodni-wyparnych-oraz-chlodnic-przemyslowych\/","url":"https:\/\/mita.mentine.work\/pl\/serwis\/czesci-zamienne-dla-chlodni-wyparnych-oraz-chlodnic-przemyslowych\/","name":"Cz\u0119\u015b\u0107i zamienne - MITA Cooling Technologies","isPartOf":{"@id":"https:\/\/mita-a11y.mentine.work\/#website"},"primaryImageOfPage":{"@id":"https:\/\/mita.mentine.work\/pl\/serwis\/czesci-zamienne-dla-chlodni-wyparnych-oraz-chlodnic-przemyslowych\/#primaryimage"},"image":{"@id":"https:\/\/mita.mentine.work\/pl\/serwis\/czesci-zamienne-dla-chlodni-wyparnych-oraz-chlodnic-przemyslowych\/#primaryimage"},"thumbnailUrl":"https:\/\/mita.mentine.work\/wp-content\/uploads\/2021\/03\/Spare-Parts-for-Cooling-Technologies-3.jpg","datePublished":"2021-02-25T15:46:16+00:00","dateModified":"2024-08-09T09:10:39+00:00","description":"MITA offers wide spare part sets. Wa\u017cne jest, aby ch\u0142odnia pracowa\u0142a z maksymaln\u0105 wydajno\u015bci\u0105, aby zaoszcz\u0119dzi\u0107 energi\u0119 i czas serwisu.","breadcrumb":{"@id":"https:\/\/mita.mentine.work\/pl\/serwis\/czesci-zamienne-dla-chlodni-wyparnych-oraz-chlodnic-przemyslowych\/#breadcrumb"},"inLanguage":"pl-PL","potentialAction":[{"@type":"ReadAction","target":["https:\/\/mita.mentine.work\/pl\/serwis\/czesci-zamienne-dla-chlodni-wyparnych-oraz-chlodnic-przemyslowych\/"]}]},{"@type":"ImageObject","inLanguage":"pl-PL","@id":"https:\/\/mita.mentine.work\/pl\/serwis\/czesci-zamienne-dla-chlodni-wyparnych-oraz-chlodnic-przemyslowych\/#primaryimage","url":"https:\/\/mita.mentine.work\/wp-content\/uploads\/2021\/03\/Spare-Parts-for-Cooling-Technologies-3.jpg","contentUrl":"https:\/\/mita.mentine.work\/wp-content\/uploads\/2021\/03\/Spare-Parts-for-Cooling-Technologies-3.jpg","width":1920,"height":1080,"caption":"Cz\u0119\u015bci zamienne do technologii ch\u0142odzenia"},{"@type":"BreadcrumbList","@id":"https:\/\/mita.mentine.work\/pl\/serwis\/czesci-zamienne-dla-chlodni-wyparnych-oraz-chlodnic-przemyslowych\/#breadcrumb","itemListElement":[{"@type":"ListItem","position":1,"name":"Home","item":"https:\/\/mita.mentine.work\/pl\/"},{"@type":"ListItem","position":2,"name":"Serwis","item":"https:\/\/mita.mentine.work\/pl\/serwis\/"},{"@type":"ListItem","position":3,"name":"Cz\u0119\u015b\u0107i zamienne"}]},{"@type":"WebSite","@id":"https:\/\/mita-a11y.mentine.work\/#website","url":"https:\/\/mita-a11y.mentine.work\/","name":"MITA Cooling Technologies","description":"Il tuo consulente del raffreddamento","publisher":{"@id":"https:\/\/mita-a11y.mentine.work\/#organization"},"potentialAction":[{"@type":"SearchAction","target":{"@type":"EntryPoint","urlTemplate":"https:\/\/mita-a11y.mentine.work\/?s={search_term_string}"},"query-input":{"@type":"PropertyValueSpecification","valueRequired":true,"valueName":"search_term_string"}}],"inLanguage":"pl-PL"},{"@type":"Organization","@id":"https:\/\/mita-a11y.mentine.work\/#organization","name":"MITA Cooling Technologies","url":"https:\/\/mita-a11y.mentine.work\/","logo":{"@type":"ImageObject","inLanguage":"pl-PL","@id":"https:\/\/mita-a11y.mentine.work\/#\/schema\/logo\/image\/","url":"https:\/\/www.mitacoolingtechnologies.com\/wp-content\/uploads\/2021\/04\/MITA_cooling_alta.png","contentUrl":"https:\/\/www.mitacoolingtechnologies.com\/wp-content\/uploads\/2021\/04\/MITA_cooling_alta.png","width":1676,"height":462,"caption":"MITA Cooling Technologies"},"image":{"@id":"https:\/\/mita-a11y.mentine.work\/#\/schema\/logo\/image\/"},"sameAs":["https:\/\/www.facebook.com\/MITA-Group-142299133128326","https:\/\/x.com\/MITAgroup_ita","https:\/\/www.instagram.com\/mitagroup_ita\/","https:\/\/www.linkedin.com\/company\/mitacoolingtechnologies\/","https:\/\/www.youtube.com\/playlist?list=PL6vCZ7E5FHe9AI-Ja5CIyfCGfJ-usQ71h"]}]}},"_links":{"self":[{"href":"https:\/\/mita.mentine.work\/pl\/wp-json\/wp\/v2\/pages\/18003","targetHints":{"allow":["GET"]}}],"collection":[{"href":"https:\/\/mita.mentine.work\/pl\/wp-json\/wp\/v2\/pages"}],"about":[{"href":"https:\/\/mita.mentine.work\/pl\/wp-json\/wp\/v2\/types\/page"}],"author":[{"embeddable":true,"href":"https:\/\/mita.mentine.work\/pl\/wp-json\/wp\/v2\/users\/1"}],"replies":[{"embeddable":true,"href":"https:\/\/mita.mentine.work\/pl\/wp-json\/wp\/v2\/comments?post=18003"}],"version-history":[{"count":4,"href":"https:\/\/mita.mentine.work\/pl\/wp-json\/wp\/v2\/pages\/18003\/revisions"}],"predecessor-version":[{"id":40806,"href":"https:\/\/mita.mentine.work\/pl\/wp-json\/wp\/v2\/pages\/18003\/revisions\/40806"}],"up":[{"embeddable":true,"href":"https:\/\/mita.mentine.work\/pl\/wp-json\/wp\/v2\/pages\/17979"}],"wp:featuredmedia":[{"embeddable":true,"href":"https:\/\/mita.mentine.work\/pl\/wp-json\/wp\/v2\/media\/18004"}],"wp:attachment":[{"href":"https:\/\/mita.mentine.work\/pl\/wp-json\/wp\/v2\/media?parent=18003"}],"curies":[{"name":"wp","href":"https:\/\/api.w.org\/{rel}","templated":true}]}}