{"id":9233,"date":"2021-02-25T16:38:57","date_gmt":"2021-02-25T15:38:57","guid":{"rendered":"https:\/\/www.mitacoolingtechnologies.com\/?page_id=9233"},"modified":"2023-04-18T17:23:45","modified_gmt":"2023-04-18T15:23:45","slug":"conception-dune-nouvelle-installation","status":"publish","type":"page","link":"https:\/\/mita.mentine.work\/fr\/conception\/conception-dune-nouvelle-installation\/","title":{"rendered":"Conception d&rsquo;une nouvelle installation"},"content":{"rendered":"","protected":false},"excerpt":{"rendered":"","protected":false},"author":1,"featured_media":5703,"parent":9229,"menu_order":289,"comment_status":"closed","ping_status":"closed","template":"","meta":{"_acf_changed":false,"inline_featured_image":false,"footnotes":""},"class_list":["post-9233","page","type-page","status-publish","has-post-thumbnail","hentry"],"acf":[],"yoast_head":"<!-- This site is optimized with the Yoast SEO plugin v26.9 - https:\/\/yoast.com\/product\/yoast-seo-wordpress\/ -->\n<title>Conception d&#039;une nouvelle installation - MITA Cooling Technologies<\/title>\n<meta name=\"description\" content=\"Parlons des besoins de votre projet: c&#039;est ici que nous commen\u00e7ons \u00e0 s\u00e9lectionner la technologie qui convient le mieux \u00e0 votre syst\u00e8me.\" \/>\n<meta name=\"robots\" content=\"noindex, follow, max-snippet:-1, max-image-preview:large, max-video-preview:-1\" \/>\n<meta property=\"og:locale\" content=\"fr_FR\" \/>\n<meta property=\"og:type\" content=\"article\" \/>\n<meta property=\"og:title\" content=\"Conception d&#039;une nouvelle installation - MITA Cooling Technologies\" \/>\n<meta property=\"og:description\" content=\"Parlons des besoins de votre projet: c&#039;est ici que nous commen\u00e7ons \u00e0 s\u00e9lectionner la technologie qui convient le mieux \u00e0 votre syst\u00e8me.\" \/>\n<meta property=\"og:url\" content=\"https:\/\/mita.mentine.work\/fr\/conception\/conception-dune-nouvelle-installation\/\" \/>\n<meta property=\"og:site_name\" content=\"MITA Cooling Technologies\" \/>\n<meta property=\"article:publisher\" content=\"https:\/\/www.facebook.com\/MITA-Group-142299133128326\" \/>\n<meta property=\"article:modified_time\" content=\"2023-04-18T15:23:45+00:00\" \/>\n<meta property=\"og:image\" content=\"https:\/\/mita.mentine.work\/wp-content\/uploads\/2021\/03\/New-Plant-Projecting-in-Cooling-Technologies.jpg\" \/>\n\t<meta property=\"og:image:width\" content=\"1920\" \/>\n\t<meta property=\"og:image:height\" content=\"1080\" \/>\n\t<meta property=\"og:image:type\" content=\"image\/jpeg\" \/>\n<meta name=\"twitter:card\" content=\"summary_large_image\" \/>\n<meta name=\"twitter:site\" content=\"@MITAgroup_ita\" \/>\n<script type=\"application\/ld+json\" class=\"yoast-schema-graph\">{\"@context\":\"https:\/\/schema.org\",\"@graph\":[{\"@type\":\"WebPage\",\"@id\":\"https:\/\/mita.mentine.work\/fr\/conception\/conception-dune-nouvelle-installation\/\",\"url\":\"https:\/\/mita.mentine.work\/fr\/conception\/conception-dune-nouvelle-installation\/\",\"name\":\"Conception d'une nouvelle installation - MITA Cooling Technologies\",\"isPartOf\":{\"@id\":\"https:\/\/mita-a11y.mentine.work\/#website\"},\"primaryImageOfPage\":{\"@id\":\"https:\/\/mita.mentine.work\/fr\/conception\/conception-dune-nouvelle-installation\/#primaryimage\"},\"image\":{\"@id\":\"https:\/\/mita.mentine.work\/fr\/conception\/conception-dune-nouvelle-installation\/#primaryimage\"},\"thumbnailUrl\":\"https:\/\/mita.mentine.work\/wp-content\/uploads\/2021\/03\/New-Plant-Projecting-in-Cooling-Technologies.jpg\",\"datePublished\":\"2021-02-25T15:38:57+00:00\",\"dateModified\":\"2023-04-18T15:23:45+00:00\",\"description\":\"Parlons des besoins de votre projet: c'est ici que nous commen\u00e7ons \u00e0 s\u00e9lectionner la technologie qui convient le mieux \u00e0 votre syst\u00e8me.\",\"breadcrumb\":{\"@id\":\"https:\/\/mita.mentine.work\/fr\/conception\/conception-dune-nouvelle-installation\/#breadcrumb\"},\"inLanguage\":\"fr-FR\",\"potentialAction\":[{\"@type\":\"ReadAction\",\"target\":[\"https:\/\/mita.mentine.work\/fr\/conception\/conception-dune-nouvelle-installation\/\"]}]},{\"@type\":\"ImageObject\",\"inLanguage\":\"fr-FR\",\"@id\":\"https:\/\/mita.mentine.work\/fr\/conception\/conception-dune-nouvelle-installation\/#primaryimage\",\"url\":\"https:\/\/mita.mentine.work\/wp-content\/uploads\/2021\/03\/New-Plant-Projecting-in-Cooling-Technologies.jpg\",\"contentUrl\":\"https:\/\/mita.mentine.work\/wp-content\/uploads\/2021\/03\/New-Plant-Projecting-in-Cooling-Technologies.jpg\",\"width\":1920,\"height\":1080,\"caption\":\"Projet de nouvelle usine dans le domaine des technologies de refroidissement\"},{\"@type\":\"BreadcrumbList\",\"@id\":\"https:\/\/mita.mentine.work\/fr\/conception\/conception-dune-nouvelle-installation\/#breadcrumb\",\"itemListElement\":[{\"@type\":\"ListItem\",\"position\":1,\"name\":\"Home\",\"item\":\"https:\/\/mita.mentine.work\/fr\/\"},{\"@type\":\"ListItem\",\"position\":2,\"name\":\"Conception\",\"item\":\"https:\/\/mita.mentine.work\/fr\/conception\/\"},{\"@type\":\"ListItem\",\"position\":3,\"name\":\"Conception d&rsquo;une nouvelle installation\"}]},{\"@type\":\"WebSite\",\"@id\":\"https:\/\/mita-a11y.mentine.work\/#website\",\"url\":\"https:\/\/mita-a11y.mentine.work\/\",\"name\":\"MITA Cooling Technologies\",\"description\":\"Your Process Cooling Advisor\",\"publisher\":{\"@id\":\"https:\/\/mita-a11y.mentine.work\/#organization\"},\"potentialAction\":[{\"@type\":\"SearchAction\",\"target\":{\"@type\":\"EntryPoint\",\"urlTemplate\":\"https:\/\/mita-a11y.mentine.work\/?s={search_term_string}\"},\"query-input\":{\"@type\":\"PropertyValueSpecification\",\"valueRequired\":true,\"valueName\":\"search_term_string\"}}],\"inLanguage\":\"fr-FR\"},{\"@type\":\"Organization\",\"@id\":\"https:\/\/mita-a11y.mentine.work\/#organization\",\"name\":\"MITA Cooling Technologies\",\"url\":\"https:\/\/mita-a11y.mentine.work\/\",\"logo\":{\"@type\":\"ImageObject\",\"inLanguage\":\"fr-FR\",\"@id\":\"https:\/\/mita-a11y.mentine.work\/#\/schema\/logo\/image\/\",\"url\":\"https:\/\/www.mitacoolingtechnologies.com\/wp-content\/uploads\/2021\/04\/MITA_cooling_alta.png\",\"contentUrl\":\"https:\/\/www.mitacoolingtechnologies.com\/wp-content\/uploads\/2021\/04\/MITA_cooling_alta.png\",\"width\":1676,\"height\":462,\"caption\":\"MITA Cooling Technologies\"},\"image\":{\"@id\":\"https:\/\/mita-a11y.mentine.work\/#\/schema\/logo\/image\/\"},\"sameAs\":[\"https:\/\/www.facebook.com\/MITA-Group-142299133128326\",\"https:\/\/x.com\/MITAgroup_ita\",\"https:\/\/www.instagram.com\/mitagroup_ita\/\",\"https:\/\/www.linkedin.com\/company\/mitacoolingtechnologies\/\",\"https:\/\/www.youtube.com\/playlist?list=PL6vCZ7E5FHe9AI-Ja5CIyfCGfJ-usQ71h\"]}]}<\/script>\n<!-- \/ Yoast SEO plugin. -->","yoast_head_json":{"title":"Conception d'une nouvelle installation - MITA Cooling Technologies","description":"Parlons des besoins de votre projet: c'est ici que nous commen\u00e7ons \u00e0 s\u00e9lectionner la technologie qui convient le mieux \u00e0 votre syst\u00e8me.","robots":{"index":"noindex","follow":"follow","max-snippet":"max-snippet:-1","max-image-preview":"max-image-preview:large","max-video-preview":"max-video-preview:-1"},"og_locale":"fr_FR","og_type":"article","og_title":"Conception d'une nouvelle installation - MITA Cooling Technologies","og_description":"Parlons des besoins de votre projet: c'est ici que nous commen\u00e7ons \u00e0 s\u00e9lectionner la technologie qui convient le mieux \u00e0 votre syst\u00e8me.","og_url":"https:\/\/mita.mentine.work\/fr\/conception\/conception-dune-nouvelle-installation\/","og_site_name":"MITA Cooling Technologies","article_publisher":"https:\/\/www.facebook.com\/MITA-Group-142299133128326","article_modified_time":"2023-04-18T15:23:45+00:00","og_image":[{"width":1920,"height":1080,"url":"https:\/\/mita.mentine.work\/wp-content\/uploads\/2021\/03\/New-Plant-Projecting-in-Cooling-Technologies.jpg","type":"image\/jpeg"}],"twitter_card":"summary_large_image","twitter_site":"@MITAgroup_ita","schema":{"@context":"https:\/\/schema.org","@graph":[{"@type":"WebPage","@id":"https:\/\/mita.mentine.work\/fr\/conception\/conception-dune-nouvelle-installation\/","url":"https:\/\/mita.mentine.work\/fr\/conception\/conception-dune-nouvelle-installation\/","name":"Conception d'une nouvelle installation - MITA Cooling Technologies","isPartOf":{"@id":"https:\/\/mita-a11y.mentine.work\/#website"},"primaryImageOfPage":{"@id":"https:\/\/mita.mentine.work\/fr\/conception\/conception-dune-nouvelle-installation\/#primaryimage"},"image":{"@id":"https:\/\/mita.mentine.work\/fr\/conception\/conception-dune-nouvelle-installation\/#primaryimage"},"thumbnailUrl":"https:\/\/mita.mentine.work\/wp-content\/uploads\/2021\/03\/New-Plant-Projecting-in-Cooling-Technologies.jpg","datePublished":"2021-02-25T15:38:57+00:00","dateModified":"2023-04-18T15:23:45+00:00","description":"Parlons des besoins de votre projet: c'est ici que nous commen\u00e7ons \u00e0 s\u00e9lectionner la technologie qui convient le mieux \u00e0 votre syst\u00e8me.","breadcrumb":{"@id":"https:\/\/mita.mentine.work\/fr\/conception\/conception-dune-nouvelle-installation\/#breadcrumb"},"inLanguage":"fr-FR","potentialAction":[{"@type":"ReadAction","target":["https:\/\/mita.mentine.work\/fr\/conception\/conception-dune-nouvelle-installation\/"]}]},{"@type":"ImageObject","inLanguage":"fr-FR","@id":"https:\/\/mita.mentine.work\/fr\/conception\/conception-dune-nouvelle-installation\/#primaryimage","url":"https:\/\/mita.mentine.work\/wp-content\/uploads\/2021\/03\/New-Plant-Projecting-in-Cooling-Technologies.jpg","contentUrl":"https:\/\/mita.mentine.work\/wp-content\/uploads\/2021\/03\/New-Plant-Projecting-in-Cooling-Technologies.jpg","width":1920,"height":1080,"caption":"Projet de nouvelle usine dans le domaine des technologies de refroidissement"},{"@type":"BreadcrumbList","@id":"https:\/\/mita.mentine.work\/fr\/conception\/conception-dune-nouvelle-installation\/#breadcrumb","itemListElement":[{"@type":"ListItem","position":1,"name":"Home","item":"https:\/\/mita.mentine.work\/fr\/"},{"@type":"ListItem","position":2,"name":"Conception","item":"https:\/\/mita.mentine.work\/fr\/conception\/"},{"@type":"ListItem","position":3,"name":"Conception d&rsquo;une nouvelle installation"}]},{"@type":"WebSite","@id":"https:\/\/mita-a11y.mentine.work\/#website","url":"https:\/\/mita-a11y.mentine.work\/","name":"MITA Cooling Technologies","description":"Your Process Cooling Advisor","publisher":{"@id":"https:\/\/mita-a11y.mentine.work\/#organization"},"potentialAction":[{"@type":"SearchAction","target":{"@type":"EntryPoint","urlTemplate":"https:\/\/mita-a11y.mentine.work\/?s={search_term_string}"},"query-input":{"@type":"PropertyValueSpecification","valueRequired":true,"valueName":"search_term_string"}}],"inLanguage":"fr-FR"},{"@type":"Organization","@id":"https:\/\/mita-a11y.mentine.work\/#organization","name":"MITA Cooling Technologies","url":"https:\/\/mita-a11y.mentine.work\/","logo":{"@type":"ImageObject","inLanguage":"fr-FR","@id":"https:\/\/mita-a11y.mentine.work\/#\/schema\/logo\/image\/","url":"https:\/\/www.mitacoolingtechnologies.com\/wp-content\/uploads\/2021\/04\/MITA_cooling_alta.png","contentUrl":"https:\/\/www.mitacoolingtechnologies.com\/wp-content\/uploads\/2021\/04\/MITA_cooling_alta.png","width":1676,"height":462,"caption":"MITA Cooling Technologies"},"image":{"@id":"https:\/\/mita-a11y.mentine.work\/#\/schema\/logo\/image\/"},"sameAs":["https:\/\/www.facebook.com\/MITA-Group-142299133128326","https:\/\/x.com\/MITAgroup_ita","https:\/\/www.instagram.com\/mitagroup_ita\/","https:\/\/www.linkedin.com\/company\/mitacoolingtechnologies\/","https:\/\/www.youtube.com\/playlist?list=PL6vCZ7E5FHe9AI-Ja5CIyfCGfJ-usQ71h"]}]}},"_links":{"self":[{"href":"https:\/\/mita.mentine.work\/fr\/wp-json\/wp\/v2\/pages\/9233","targetHints":{"allow":["GET"]}}],"collection":[{"href":"https:\/\/mita.mentine.work\/fr\/wp-json\/wp\/v2\/pages"}],"about":[{"href":"https:\/\/mita.mentine.work\/fr\/wp-json\/wp\/v2\/types\/page"}],"author":[{"embeddable":true,"href":"https:\/\/mita.mentine.work\/fr\/wp-json\/wp\/v2\/users\/1"}],"replies":[{"embeddable":true,"href":"https:\/\/mita.mentine.work\/fr\/wp-json\/wp\/v2\/comments?post=9233"}],"version-history":[{"count":13,"href":"https:\/\/mita.mentine.work\/fr\/wp-json\/wp\/v2\/pages\/9233\/revisions"}],"predecessor-version":[{"id":19967,"href":"https:\/\/mita.mentine.work\/fr\/wp-json\/wp\/v2\/pages\/9233\/revisions\/19967"}],"up":[{"embeddable":true,"href":"https:\/\/mita.mentine.work\/fr\/wp-json\/wp\/v2\/pages\/9229"}],"wp:featuredmedia":[{"embeddable":true,"href":"https:\/\/mita.mentine.work\/fr\/wp-json\/wp\/v2\/media\/5703"}],"wp:attachment":[{"href":"https:\/\/mita.mentine.work\/fr\/wp-json\/wp\/v2\/media?parent=9233"}],"curies":[{"name":"wp","href":"https:\/\/api.w.org\/{rel}","templated":true}]}}