{"id":8898,"date":"2021-02-25T16:44:45","date_gmt":"2021-02-25T15:44:45","guid":{"rendered":"https:\/\/www.mitacoolingtechnologies.com\/?page_id=8898"},"modified":"2024-08-09T12:01:26","modified_gmt":"2024-08-09T10:01:26","slug":"assistance-a-linstallation-et-au-demarrage","status":"publish","type":"page","link":"https:\/\/mita.mentine.work\/fr\/conseil-et-services\/assistance-a-linstallation-et-au-demarrage\/","title":{"rendered":"Assistance \u00e0 l&rsquo;installation et au d\u00e9marrage"},"content":{"rendered":"","protected":false},"excerpt":{"rendered":"","protected":false},"author":1,"featured_media":5186,"parent":8877,"menu_order":72,"comment_status":"closed","ping_status":"closed","template":"","meta":{"_acf_changed":false,"inline_featured_image":false,"footnotes":""},"class_list":["post-8898","page","type-page","status-publish","has-post-thumbnail","hentry"],"acf":[],"yoast_head":"<!-- This site is optimized with the Yoast SEO plugin v26.9 - https:\/\/yoast.com\/product\/yoast-seo-wordpress\/ -->\n<title>Assistance \u00e0 l&#039;installation et au d\u00e9marrage - MITA Cooling Technologies<\/title>\n<meta name=\"description\" content=\"La s\u00e9r\u00e9nit\u00e9 d&#039;\u00eatre suivi tout au long du projet, m\u00eame dans les phases les plus complexes.\" \/>\n<meta name=\"robots\" content=\"noindex, follow, max-snippet:-1, max-image-preview:large, max-video-preview:-1\" \/>\n<meta property=\"og:locale\" content=\"fr_FR\" \/>\n<meta property=\"og:type\" content=\"article\" \/>\n<meta property=\"og:title\" content=\"Assistance \u00e0 l&#039;installation et au d\u00e9marrage - MITA Cooling Technologies\" \/>\n<meta property=\"og:description\" content=\"La s\u00e9r\u00e9nit\u00e9 d&#039;\u00eatre suivi tout au long du projet, m\u00eame dans les phases les plus complexes.\" \/>\n<meta property=\"og:url\" content=\"https:\/\/mita.mentine.work\/fr\/conseil-et-services\/assistance-a-linstallation-et-au-demarrage\/\" \/>\n<meta property=\"og:site_name\" content=\"MITA Cooling Technologies\" \/>\n<meta property=\"article:publisher\" content=\"https:\/\/www.facebook.com\/MITA-Group-142299133128326\" \/>\n<meta property=\"article:modified_time\" content=\"2024-08-09T10:01:26+00:00\" \/>\n<meta property=\"og:image\" content=\"https:\/\/mita.mentine.work\/wp-content\/uploads\/2021\/03\/Installation-Assistance-with-Cooling-Technologies.jpg\" \/>\n\t<meta property=\"og:image:width\" content=\"1920\" \/>\n\t<meta property=\"og:image:height\" content=\"1080\" \/>\n\t<meta property=\"og:image:type\" content=\"image\/jpeg\" \/>\n<meta name=\"twitter:card\" content=\"summary_large_image\" \/>\n<meta name=\"twitter:site\" content=\"@MITAgroup_ita\" \/>\n<script type=\"application\/ld+json\" class=\"yoast-schema-graph\">{\"@context\":\"https:\/\/schema.org\",\"@graph\":[{\"@type\":\"WebPage\",\"@id\":\"https:\/\/mita.mentine.work\/fr\/conseil-et-services\/assistance-a-linstallation-et-au-demarrage\/\",\"url\":\"https:\/\/mita.mentine.work\/fr\/conseil-et-services\/assistance-a-linstallation-et-au-demarrage\/\",\"name\":\"Assistance \u00e0 l'installation et au d\u00e9marrage - MITA Cooling Technologies\",\"isPartOf\":{\"@id\":\"https:\/\/mita-a11y.mentine.work\/#website\"},\"primaryImageOfPage\":{\"@id\":\"https:\/\/mita.mentine.work\/fr\/conseil-et-services\/assistance-a-linstallation-et-au-demarrage\/#primaryimage\"},\"image\":{\"@id\":\"https:\/\/mita.mentine.work\/fr\/conseil-et-services\/assistance-a-linstallation-et-au-demarrage\/#primaryimage\"},\"thumbnailUrl\":\"https:\/\/mita.mentine.work\/wp-content\/uploads\/2021\/03\/Installation-Assistance-with-Cooling-Technologies.jpg\",\"datePublished\":\"2021-02-25T15:44:45+00:00\",\"dateModified\":\"2024-08-09T10:01:26+00:00\",\"description\":\"La s\u00e9r\u00e9nit\u00e9 d'\u00eatre suivi tout au long du projet, m\u00eame dans les phases les plus complexes.\",\"breadcrumb\":{\"@id\":\"https:\/\/mita.mentine.work\/fr\/conseil-et-services\/assistance-a-linstallation-et-au-demarrage\/#breadcrumb\"},\"inLanguage\":\"fr-FR\",\"potentialAction\":[{\"@type\":\"ReadAction\",\"target\":[\"https:\/\/mita.mentine.work\/fr\/conseil-et-services\/assistance-a-linstallation-et-au-demarrage\/\"]}]},{\"@type\":\"ImageObject\",\"inLanguage\":\"fr-FR\",\"@id\":\"https:\/\/mita.mentine.work\/fr\/conseil-et-services\/assistance-a-linstallation-et-au-demarrage\/#primaryimage\",\"url\":\"https:\/\/mita.mentine.work\/wp-content\/uploads\/2021\/03\/Installation-Assistance-with-Cooling-Technologies.jpg\",\"contentUrl\":\"https:\/\/mita.mentine.work\/wp-content\/uploads\/2021\/03\/Installation-Assistance-with-Cooling-Technologies.jpg\",\"width\":1920,\"height\":1080,\"caption\":\"Assistance \u00e0 l'installation des technologies de refroidissement\"},{\"@type\":\"BreadcrumbList\",\"@id\":\"https:\/\/mita.mentine.work\/fr\/conseil-et-services\/assistance-a-linstallation-et-au-demarrage\/#breadcrumb\",\"itemListElement\":[{\"@type\":\"ListItem\",\"position\":1,\"name\":\"Home\",\"item\":\"https:\/\/mita.mentine.work\/fr\/\"},{\"@type\":\"ListItem\",\"position\":2,\"name\":\"Conseil et services\",\"item\":\"https:\/\/mita.mentine.work\/fr\/conseil-et-services\/\"},{\"@type\":\"ListItem\",\"position\":3,\"name\":\"Assistance \u00e0 l&rsquo;installation et au d\u00e9marrage\"}]},{\"@type\":\"WebSite\",\"@id\":\"https:\/\/mita-a11y.mentine.work\/#website\",\"url\":\"https:\/\/mita-a11y.mentine.work\/\",\"name\":\"MITA Cooling Technologies\",\"description\":\"Your Process Cooling Advisor\",\"publisher\":{\"@id\":\"https:\/\/mita-a11y.mentine.work\/#organization\"},\"potentialAction\":[{\"@type\":\"SearchAction\",\"target\":{\"@type\":\"EntryPoint\",\"urlTemplate\":\"https:\/\/mita-a11y.mentine.work\/?s={search_term_string}\"},\"query-input\":{\"@type\":\"PropertyValueSpecification\",\"valueRequired\":true,\"valueName\":\"search_term_string\"}}],\"inLanguage\":\"fr-FR\"},{\"@type\":\"Organization\",\"@id\":\"https:\/\/mita-a11y.mentine.work\/#organization\",\"name\":\"MITA Cooling Technologies\",\"url\":\"https:\/\/mita-a11y.mentine.work\/\",\"logo\":{\"@type\":\"ImageObject\",\"inLanguage\":\"fr-FR\",\"@id\":\"https:\/\/mita-a11y.mentine.work\/#\/schema\/logo\/image\/\",\"url\":\"https:\/\/www.mitacoolingtechnologies.com\/wp-content\/uploads\/2021\/04\/MITA_cooling_alta.png\",\"contentUrl\":\"https:\/\/www.mitacoolingtechnologies.com\/wp-content\/uploads\/2021\/04\/MITA_cooling_alta.png\",\"width\":1676,\"height\":462,\"caption\":\"MITA Cooling Technologies\"},\"image\":{\"@id\":\"https:\/\/mita-a11y.mentine.work\/#\/schema\/logo\/image\/\"},\"sameAs\":[\"https:\/\/www.facebook.com\/MITA-Group-142299133128326\",\"https:\/\/x.com\/MITAgroup_ita\",\"https:\/\/www.instagram.com\/mitagroup_ita\/\",\"https:\/\/www.linkedin.com\/company\/mitacoolingtechnologies\/\",\"https:\/\/www.youtube.com\/playlist?list=PL6vCZ7E5FHe9AI-Ja5CIyfCGfJ-usQ71h\"]}]}<\/script>\n<!-- \/ Yoast SEO plugin. -->","yoast_head_json":{"title":"Assistance \u00e0 l'installation et au d\u00e9marrage - MITA Cooling Technologies","description":"La s\u00e9r\u00e9nit\u00e9 d'\u00eatre suivi tout au long du projet, m\u00eame dans les phases les plus complexes.","robots":{"index":"noindex","follow":"follow","max-snippet":"max-snippet:-1","max-image-preview":"max-image-preview:large","max-video-preview":"max-video-preview:-1"},"og_locale":"fr_FR","og_type":"article","og_title":"Assistance \u00e0 l'installation et au d\u00e9marrage - MITA Cooling Technologies","og_description":"La s\u00e9r\u00e9nit\u00e9 d'\u00eatre suivi tout au long du projet, m\u00eame dans les phases les plus complexes.","og_url":"https:\/\/mita.mentine.work\/fr\/conseil-et-services\/assistance-a-linstallation-et-au-demarrage\/","og_site_name":"MITA Cooling Technologies","article_publisher":"https:\/\/www.facebook.com\/MITA-Group-142299133128326","article_modified_time":"2024-08-09T10:01:26+00:00","og_image":[{"width":1920,"height":1080,"url":"https:\/\/mita.mentine.work\/wp-content\/uploads\/2021\/03\/Installation-Assistance-with-Cooling-Technologies.jpg","type":"image\/jpeg"}],"twitter_card":"summary_large_image","twitter_site":"@MITAgroup_ita","schema":{"@context":"https:\/\/schema.org","@graph":[{"@type":"WebPage","@id":"https:\/\/mita.mentine.work\/fr\/conseil-et-services\/assistance-a-linstallation-et-au-demarrage\/","url":"https:\/\/mita.mentine.work\/fr\/conseil-et-services\/assistance-a-linstallation-et-au-demarrage\/","name":"Assistance \u00e0 l'installation et au d\u00e9marrage - MITA Cooling Technologies","isPartOf":{"@id":"https:\/\/mita-a11y.mentine.work\/#website"},"primaryImageOfPage":{"@id":"https:\/\/mita.mentine.work\/fr\/conseil-et-services\/assistance-a-linstallation-et-au-demarrage\/#primaryimage"},"image":{"@id":"https:\/\/mita.mentine.work\/fr\/conseil-et-services\/assistance-a-linstallation-et-au-demarrage\/#primaryimage"},"thumbnailUrl":"https:\/\/mita.mentine.work\/wp-content\/uploads\/2021\/03\/Installation-Assistance-with-Cooling-Technologies.jpg","datePublished":"2021-02-25T15:44:45+00:00","dateModified":"2024-08-09T10:01:26+00:00","description":"La s\u00e9r\u00e9nit\u00e9 d'\u00eatre suivi tout au long du projet, m\u00eame dans les phases les plus complexes.","breadcrumb":{"@id":"https:\/\/mita.mentine.work\/fr\/conseil-et-services\/assistance-a-linstallation-et-au-demarrage\/#breadcrumb"},"inLanguage":"fr-FR","potentialAction":[{"@type":"ReadAction","target":["https:\/\/mita.mentine.work\/fr\/conseil-et-services\/assistance-a-linstallation-et-au-demarrage\/"]}]},{"@type":"ImageObject","inLanguage":"fr-FR","@id":"https:\/\/mita.mentine.work\/fr\/conseil-et-services\/assistance-a-linstallation-et-au-demarrage\/#primaryimage","url":"https:\/\/mita.mentine.work\/wp-content\/uploads\/2021\/03\/Installation-Assistance-with-Cooling-Technologies.jpg","contentUrl":"https:\/\/mita.mentine.work\/wp-content\/uploads\/2021\/03\/Installation-Assistance-with-Cooling-Technologies.jpg","width":1920,"height":1080,"caption":"Assistance \u00e0 l'installation des technologies de refroidissement"},{"@type":"BreadcrumbList","@id":"https:\/\/mita.mentine.work\/fr\/conseil-et-services\/assistance-a-linstallation-et-au-demarrage\/#breadcrumb","itemListElement":[{"@type":"ListItem","position":1,"name":"Home","item":"https:\/\/mita.mentine.work\/fr\/"},{"@type":"ListItem","position":2,"name":"Conseil et services","item":"https:\/\/mita.mentine.work\/fr\/conseil-et-services\/"},{"@type":"ListItem","position":3,"name":"Assistance \u00e0 l&rsquo;installation et au d\u00e9marrage"}]},{"@type":"WebSite","@id":"https:\/\/mita-a11y.mentine.work\/#website","url":"https:\/\/mita-a11y.mentine.work\/","name":"MITA Cooling Technologies","description":"Your Process Cooling Advisor","publisher":{"@id":"https:\/\/mita-a11y.mentine.work\/#organization"},"potentialAction":[{"@type":"SearchAction","target":{"@type":"EntryPoint","urlTemplate":"https:\/\/mita-a11y.mentine.work\/?s={search_term_string}"},"query-input":{"@type":"PropertyValueSpecification","valueRequired":true,"valueName":"search_term_string"}}],"inLanguage":"fr-FR"},{"@type":"Organization","@id":"https:\/\/mita-a11y.mentine.work\/#organization","name":"MITA Cooling Technologies","url":"https:\/\/mita-a11y.mentine.work\/","logo":{"@type":"ImageObject","inLanguage":"fr-FR","@id":"https:\/\/mita-a11y.mentine.work\/#\/schema\/logo\/image\/","url":"https:\/\/www.mitacoolingtechnologies.com\/wp-content\/uploads\/2021\/04\/MITA_cooling_alta.png","contentUrl":"https:\/\/www.mitacoolingtechnologies.com\/wp-content\/uploads\/2021\/04\/MITA_cooling_alta.png","width":1676,"height":462,"caption":"MITA Cooling Technologies"},"image":{"@id":"https:\/\/mita-a11y.mentine.work\/#\/schema\/logo\/image\/"},"sameAs":["https:\/\/www.facebook.com\/MITA-Group-142299133128326","https:\/\/x.com\/MITAgroup_ita","https:\/\/www.instagram.com\/mitagroup_ita\/","https:\/\/www.linkedin.com\/company\/mitacoolingtechnologies\/","https:\/\/www.youtube.com\/playlist?list=PL6vCZ7E5FHe9AI-Ja5CIyfCGfJ-usQ71h"]}]}},"_links":{"self":[{"href":"https:\/\/mita.mentine.work\/fr\/wp-json\/wp\/v2\/pages\/8898","targetHints":{"allow":["GET"]}}],"collection":[{"href":"https:\/\/mita.mentine.work\/fr\/wp-json\/wp\/v2\/pages"}],"about":[{"href":"https:\/\/mita.mentine.work\/fr\/wp-json\/wp\/v2\/types\/page"}],"author":[{"embeddable":true,"href":"https:\/\/mita.mentine.work\/fr\/wp-json\/wp\/v2\/users\/1"}],"replies":[{"embeddable":true,"href":"https:\/\/mita.mentine.work\/fr\/wp-json\/wp\/v2\/comments?post=8898"}],"version-history":[{"count":8,"href":"https:\/\/mita.mentine.work\/fr\/wp-json\/wp\/v2\/pages\/8898\/revisions"}],"predecessor-version":[{"id":40847,"href":"https:\/\/mita.mentine.work\/fr\/wp-json\/wp\/v2\/pages\/8898\/revisions\/40847"}],"up":[{"embeddable":true,"href":"https:\/\/mita.mentine.work\/fr\/wp-json\/wp\/v2\/pages\/8877"}],"wp:featuredmedia":[{"embeddable":true,"href":"https:\/\/mita.mentine.work\/fr\/wp-json\/wp\/v2\/media\/5186"}],"wp:attachment":[{"href":"https:\/\/mita.mentine.work\/fr\/wp-json\/wp\/v2\/media?parent=8898"}],"curies":[{"name":"wp","href":"https:\/\/api.w.org\/{rel}","templated":true}]}}