{"id":8889,"date":"2021-04-13T18:12:23","date_gmt":"2021-04-13T16:12:23","guid":{"rendered":"https:\/\/www.mitacoolingtechnologies.com\/?page_id=8889"},"modified":"2024-08-09T11:43:05","modified_gmt":"2024-08-09T09:43:05","slug":"offre-dingenierie-et-de-gestion-de-projet","status":"publish","type":"page","link":"https:\/\/mita.mentine.work\/fr\/conseil-et-services\/offre-dingenierie-et-de-gestion-de-projet\/","title":{"rendered":"Offre d&rsquo;ing\u00e9nierie et de gestion de projet"},"content":{"rendered":"","protected":false},"excerpt":{"rendered":"","protected":false},"author":3,"featured_media":23073,"parent":8877,"menu_order":50,"comment_status":"closed","ping_status":"closed","template":"","meta":{"_acf_changed":false,"inline_featured_image":false,"footnotes":""},"class_list":["post-8889","page","type-page","status-publish","has-post-thumbnail","hentry"],"acf":[],"yoast_head":"<!-- This site is optimized with the Yoast SEO plugin v26.9 - https:\/\/yoast.com\/product\/yoast-seo-wordpress\/ -->\n<title>Offre d&#039;ing\u00e9nierie et de gestion de projet - MITA Cooling Technologies<\/title>\n<meta name=\"description\" content=\"Les ing\u00e9nieurs de proposition technique donneront corps \u00e0 vos besoins. Alors que le chef de projet coordonnera toutes les phases.\" \/>\n<meta name=\"robots\" content=\"noindex, follow, max-snippet:-1, max-image-preview:large, max-video-preview:-1\" \/>\n<meta property=\"og:locale\" content=\"fr_FR\" \/>\n<meta property=\"og:type\" content=\"article\" \/>\n<meta property=\"og:title\" content=\"Offre d&#039;ing\u00e9nierie et de gestion de projet - MITA Cooling Technologies\" \/>\n<meta property=\"og:description\" content=\"Les ing\u00e9nieurs de proposition technique donneront corps \u00e0 vos besoins. Alors que le chef de projet coordonnera toutes les phases.\" \/>\n<meta property=\"og:url\" content=\"https:\/\/mita.mentine.work\/fr\/conseil-et-services\/offre-dingenierie-et-de-gestion-de-projet\/\" \/>\n<meta property=\"og:site_name\" content=\"MITA Cooling Technologies\" \/>\n<meta property=\"article:publisher\" content=\"https:\/\/www.facebook.com\/MITA-Group-142299133128326\" \/>\n<meta property=\"article:modified_time\" content=\"2024-08-09T09:43:05+00:00\" \/>\n<meta property=\"og:image\" content=\"https:\/\/mita.mentine.work\/wp-content\/uploads\/2021\/04\/Structural-Calculations-in-Cooling-Technologies.jpg\" \/>\n\t<meta property=\"og:image:width\" content=\"961\" \/>\n\t<meta property=\"og:image:height\" content=\"799\" \/>\n\t<meta property=\"og:image:type\" content=\"image\/jpeg\" \/>\n<meta name=\"twitter:card\" content=\"summary_large_image\" \/>\n<meta name=\"twitter:site\" content=\"@MITAgroup_ita\" \/>\n<script type=\"application\/ld+json\" class=\"yoast-schema-graph\">{\"@context\":\"https:\/\/schema.org\",\"@graph\":[{\"@type\":\"WebPage\",\"@id\":\"https:\/\/mita.mentine.work\/fr\/conseil-et-services\/offre-dingenierie-et-de-gestion-de-projet\/\",\"url\":\"https:\/\/mita.mentine.work\/fr\/conseil-et-services\/offre-dingenierie-et-de-gestion-de-projet\/\",\"name\":\"Offre d'ing\u00e9nierie et de gestion de projet - MITA Cooling Technologies\",\"isPartOf\":{\"@id\":\"https:\/\/mita-a11y.mentine.work\/#website\"},\"primaryImageOfPage\":{\"@id\":\"https:\/\/mita.mentine.work\/fr\/conseil-et-services\/offre-dingenierie-et-de-gestion-de-projet\/#primaryimage\"},\"image\":{\"@id\":\"https:\/\/mita.mentine.work\/fr\/conseil-et-services\/offre-dingenierie-et-de-gestion-de-projet\/#primaryimage\"},\"thumbnailUrl\":\"https:\/\/mita.mentine.work\/wp-content\/uploads\/2021\/04\/Structural-Calculations-in-Cooling-Technologies.jpg\",\"datePublished\":\"2021-04-13T16:12:23+00:00\",\"dateModified\":\"2024-08-09T09:43:05+00:00\",\"description\":\"Les ing\u00e9nieurs de proposition technique donneront corps \u00e0 vos besoins. Alors que le chef de projet coordonnera toutes les phases.\",\"breadcrumb\":{\"@id\":\"https:\/\/mita.mentine.work\/fr\/conseil-et-services\/offre-dingenierie-et-de-gestion-de-projet\/#breadcrumb\"},\"inLanguage\":\"fr-FR\",\"potentialAction\":[{\"@type\":\"ReadAction\",\"target\":[\"https:\/\/mita.mentine.work\/fr\/conseil-et-services\/offre-dingenierie-et-de-gestion-de-projet\/\"]}]},{\"@type\":\"ImageObject\",\"inLanguage\":\"fr-FR\",\"@id\":\"https:\/\/mita.mentine.work\/fr\/conseil-et-services\/offre-dingenierie-et-de-gestion-de-projet\/#primaryimage\",\"url\":\"https:\/\/mita.mentine.work\/wp-content\/uploads\/2021\/04\/Structural-Calculations-in-Cooling-Technologies.jpg\",\"contentUrl\":\"https:\/\/mita.mentine.work\/wp-content\/uploads\/2021\/04\/Structural-Calculations-in-Cooling-Technologies.jpg\",\"width\":961,\"height\":799,\"caption\":\"Strukturelle Berechnungen in der K\u00fchltechnik\"},{\"@type\":\"BreadcrumbList\",\"@id\":\"https:\/\/mita.mentine.work\/fr\/conseil-et-services\/offre-dingenierie-et-de-gestion-de-projet\/#breadcrumb\",\"itemListElement\":[{\"@type\":\"ListItem\",\"position\":1,\"name\":\"Home\",\"item\":\"https:\/\/mita.mentine.work\/fr\/\"},{\"@type\":\"ListItem\",\"position\":2,\"name\":\"Conseil et services\",\"item\":\"https:\/\/mita.mentine.work\/fr\/conseil-et-services\/\"},{\"@type\":\"ListItem\",\"position\":3,\"name\":\"Offre d&rsquo;ing\u00e9nierie et de gestion de projet\"}]},{\"@type\":\"WebSite\",\"@id\":\"https:\/\/mita-a11y.mentine.work\/#website\",\"url\":\"https:\/\/mita-a11y.mentine.work\/\",\"name\":\"MITA Cooling Technologies\",\"description\":\"Your Process Cooling Advisor\",\"publisher\":{\"@id\":\"https:\/\/mita-a11y.mentine.work\/#organization\"},\"potentialAction\":[{\"@type\":\"SearchAction\",\"target\":{\"@type\":\"EntryPoint\",\"urlTemplate\":\"https:\/\/mita-a11y.mentine.work\/?s={search_term_string}\"},\"query-input\":{\"@type\":\"PropertyValueSpecification\",\"valueRequired\":true,\"valueName\":\"search_term_string\"}}],\"inLanguage\":\"fr-FR\"},{\"@type\":\"Organization\",\"@id\":\"https:\/\/mita-a11y.mentine.work\/#organization\",\"name\":\"MITA Cooling Technologies\",\"url\":\"https:\/\/mita-a11y.mentine.work\/\",\"logo\":{\"@type\":\"ImageObject\",\"inLanguage\":\"fr-FR\",\"@id\":\"https:\/\/mita-a11y.mentine.work\/#\/schema\/logo\/image\/\",\"url\":\"https:\/\/www.mitacoolingtechnologies.com\/wp-content\/uploads\/2021\/04\/MITA_cooling_alta.png\",\"contentUrl\":\"https:\/\/www.mitacoolingtechnologies.com\/wp-content\/uploads\/2021\/04\/MITA_cooling_alta.png\",\"width\":1676,\"height\":462,\"caption\":\"MITA Cooling Technologies\"},\"image\":{\"@id\":\"https:\/\/mita-a11y.mentine.work\/#\/schema\/logo\/image\/\"},\"sameAs\":[\"https:\/\/www.facebook.com\/MITA-Group-142299133128326\",\"https:\/\/x.com\/MITAgroup_ita\",\"https:\/\/www.instagram.com\/mitagroup_ita\/\",\"https:\/\/www.linkedin.com\/company\/mitacoolingtechnologies\/\",\"https:\/\/www.youtube.com\/playlist?list=PL6vCZ7E5FHe9AI-Ja5CIyfCGfJ-usQ71h\"]}]}<\/script>\n<!-- \/ Yoast SEO plugin. -->","yoast_head_json":{"title":"Offre d'ing\u00e9nierie et de gestion de projet - MITA Cooling Technologies","description":"Les ing\u00e9nieurs de proposition technique donneront corps \u00e0 vos besoins. Alors que le chef de projet coordonnera toutes les phases.","robots":{"index":"noindex","follow":"follow","max-snippet":"max-snippet:-1","max-image-preview":"max-image-preview:large","max-video-preview":"max-video-preview:-1"},"og_locale":"fr_FR","og_type":"article","og_title":"Offre d'ing\u00e9nierie et de gestion de projet - MITA Cooling Technologies","og_description":"Les ing\u00e9nieurs de proposition technique donneront corps \u00e0 vos besoins. Alors que le chef de projet coordonnera toutes les phases.","og_url":"https:\/\/mita.mentine.work\/fr\/conseil-et-services\/offre-dingenierie-et-de-gestion-de-projet\/","og_site_name":"MITA Cooling Technologies","article_publisher":"https:\/\/www.facebook.com\/MITA-Group-142299133128326","article_modified_time":"2024-08-09T09:43:05+00:00","og_image":[{"width":961,"height":799,"url":"https:\/\/mita.mentine.work\/wp-content\/uploads\/2021\/04\/Structural-Calculations-in-Cooling-Technologies.jpg","type":"image\/jpeg"}],"twitter_card":"summary_large_image","twitter_site":"@MITAgroup_ita","schema":{"@context":"https:\/\/schema.org","@graph":[{"@type":"WebPage","@id":"https:\/\/mita.mentine.work\/fr\/conseil-et-services\/offre-dingenierie-et-de-gestion-de-projet\/","url":"https:\/\/mita.mentine.work\/fr\/conseil-et-services\/offre-dingenierie-et-de-gestion-de-projet\/","name":"Offre d'ing\u00e9nierie et de gestion de projet - MITA Cooling Technologies","isPartOf":{"@id":"https:\/\/mita-a11y.mentine.work\/#website"},"primaryImageOfPage":{"@id":"https:\/\/mita.mentine.work\/fr\/conseil-et-services\/offre-dingenierie-et-de-gestion-de-projet\/#primaryimage"},"image":{"@id":"https:\/\/mita.mentine.work\/fr\/conseil-et-services\/offre-dingenierie-et-de-gestion-de-projet\/#primaryimage"},"thumbnailUrl":"https:\/\/mita.mentine.work\/wp-content\/uploads\/2021\/04\/Structural-Calculations-in-Cooling-Technologies.jpg","datePublished":"2021-04-13T16:12:23+00:00","dateModified":"2024-08-09T09:43:05+00:00","description":"Les ing\u00e9nieurs de proposition technique donneront corps \u00e0 vos besoins. Alors que le chef de projet coordonnera toutes les phases.","breadcrumb":{"@id":"https:\/\/mita.mentine.work\/fr\/conseil-et-services\/offre-dingenierie-et-de-gestion-de-projet\/#breadcrumb"},"inLanguage":"fr-FR","potentialAction":[{"@type":"ReadAction","target":["https:\/\/mita.mentine.work\/fr\/conseil-et-services\/offre-dingenierie-et-de-gestion-de-projet\/"]}]},{"@type":"ImageObject","inLanguage":"fr-FR","@id":"https:\/\/mita.mentine.work\/fr\/conseil-et-services\/offre-dingenierie-et-de-gestion-de-projet\/#primaryimage","url":"https:\/\/mita.mentine.work\/wp-content\/uploads\/2021\/04\/Structural-Calculations-in-Cooling-Technologies.jpg","contentUrl":"https:\/\/mita.mentine.work\/wp-content\/uploads\/2021\/04\/Structural-Calculations-in-Cooling-Technologies.jpg","width":961,"height":799,"caption":"Strukturelle Berechnungen in der K\u00fchltechnik"},{"@type":"BreadcrumbList","@id":"https:\/\/mita.mentine.work\/fr\/conseil-et-services\/offre-dingenierie-et-de-gestion-de-projet\/#breadcrumb","itemListElement":[{"@type":"ListItem","position":1,"name":"Home","item":"https:\/\/mita.mentine.work\/fr\/"},{"@type":"ListItem","position":2,"name":"Conseil et services","item":"https:\/\/mita.mentine.work\/fr\/conseil-et-services\/"},{"@type":"ListItem","position":3,"name":"Offre d&rsquo;ing\u00e9nierie et de gestion de projet"}]},{"@type":"WebSite","@id":"https:\/\/mita-a11y.mentine.work\/#website","url":"https:\/\/mita-a11y.mentine.work\/","name":"MITA Cooling Technologies","description":"Your Process Cooling Advisor","publisher":{"@id":"https:\/\/mita-a11y.mentine.work\/#organization"},"potentialAction":[{"@type":"SearchAction","target":{"@type":"EntryPoint","urlTemplate":"https:\/\/mita-a11y.mentine.work\/?s={search_term_string}"},"query-input":{"@type":"PropertyValueSpecification","valueRequired":true,"valueName":"search_term_string"}}],"inLanguage":"fr-FR"},{"@type":"Organization","@id":"https:\/\/mita-a11y.mentine.work\/#organization","name":"MITA Cooling Technologies","url":"https:\/\/mita-a11y.mentine.work\/","logo":{"@type":"ImageObject","inLanguage":"fr-FR","@id":"https:\/\/mita-a11y.mentine.work\/#\/schema\/logo\/image\/","url":"https:\/\/www.mitacoolingtechnologies.com\/wp-content\/uploads\/2021\/04\/MITA_cooling_alta.png","contentUrl":"https:\/\/www.mitacoolingtechnologies.com\/wp-content\/uploads\/2021\/04\/MITA_cooling_alta.png","width":1676,"height":462,"caption":"MITA Cooling Technologies"},"image":{"@id":"https:\/\/mita-a11y.mentine.work\/#\/schema\/logo\/image\/"},"sameAs":["https:\/\/www.facebook.com\/MITA-Group-142299133128326","https:\/\/x.com\/MITAgroup_ita","https:\/\/www.instagram.com\/mitagroup_ita\/","https:\/\/www.linkedin.com\/company\/mitacoolingtechnologies\/","https:\/\/www.youtube.com\/playlist?list=PL6vCZ7E5FHe9AI-Ja5CIyfCGfJ-usQ71h"]}]}},"_links":{"self":[{"href":"https:\/\/mita.mentine.work\/fr\/wp-json\/wp\/v2\/pages\/8889","targetHints":{"allow":["GET"]}}],"collection":[{"href":"https:\/\/mita.mentine.work\/fr\/wp-json\/wp\/v2\/pages"}],"about":[{"href":"https:\/\/mita.mentine.work\/fr\/wp-json\/wp\/v2\/types\/page"}],"author":[{"embeddable":true,"href":"https:\/\/mita.mentine.work\/fr\/wp-json\/wp\/v2\/users\/3"}],"replies":[{"embeddable":true,"href":"https:\/\/mita.mentine.work\/fr\/wp-json\/wp\/v2\/comments?post=8889"}],"version-history":[{"count":8,"href":"https:\/\/mita.mentine.work\/fr\/wp-json\/wp\/v2\/pages\/8889\/revisions"}],"predecessor-version":[{"id":40832,"href":"https:\/\/mita.mentine.work\/fr\/wp-json\/wp\/v2\/pages\/8889\/revisions\/40832"}],"up":[{"embeddable":true,"href":"https:\/\/mita.mentine.work\/fr\/wp-json\/wp\/v2\/pages\/8877"}],"wp:featuredmedia":[{"embeddable":true,"href":"https:\/\/mita.mentine.work\/fr\/wp-json\/wp\/v2\/media\/23073"}],"wp:attachment":[{"href":"https:\/\/mita.mentine.work\/fr\/wp-json\/wp\/v2\/media?parent=8889"}],"curies":[{"name":"wp","href":"https:\/\/api.w.org\/{rel}","templated":true}]}}