{"id":8856,"date":"2021-02-25T16:41:47","date_gmt":"2021-02-25T15:41:47","guid":{"rendered":"https:\/\/www.mitacoolingtechnologies.com\/?page_id=8856"},"modified":"2024-10-31T17:02:30","modified_gmt":"2024-10-31T16:02:30","slug":"travaillez-avec-nous","status":"publish","type":"page","link":"https:\/\/mita.mentine.work\/fr\/qui-sommes-nous\/travaillez-avec-nous\/","title":{"rendered":"Travaillez avec nous"},"content":{"rendered":"","protected":false},"excerpt":{"rendered":"","protected":false},"author":1,"featured_media":11054,"parent":8848,"menu_order":214,"comment_status":"closed","ping_status":"closed","template":"","meta":{"_acf_changed":false,"inline_featured_image":false,"footnotes":""},"class_list":["post-8856","page","type-page","status-publish","has-post-thumbnail","hentry"],"acf":[],"yoast_head":"<!-- This site is optimized with the Yoast SEO plugin v26.9 - https:\/\/yoast.com\/product\/yoast-seo-wordpress\/ -->\n<title>Emplois Ing\u00e9nieurs Milan et Pavie | MITA Cooling Technologies<\/title>\n<meta name=\"description\" content=\"Emplois Ing\u00e9nieurs. Emplois d&#039;ing\u00e9nieurs en m\u00e9canique. Offres d&#039;emploi d&#039;ing\u00e9nieur en \u00e9nergie et d&#039;ing\u00e9nieur en environnement \u00e0 Pavie.\" \/>\n<meta name=\"robots\" content=\"noindex, follow, max-snippet:-1, max-image-preview:large, max-video-preview:-1\" \/>\n<meta property=\"og:locale\" content=\"fr_FR\" \/>\n<meta property=\"og:type\" content=\"article\" \/>\n<meta property=\"og:title\" content=\"Emplois Ing\u00e9nieurs Milan et Pavie | MITA Cooling Technologies\" \/>\n<meta property=\"og:description\" content=\"Emplois Ing\u00e9nieurs. Emplois d&#039;ing\u00e9nieurs en m\u00e9canique. Offres d&#039;emploi d&#039;ing\u00e9nieur en \u00e9nergie et d&#039;ing\u00e9nieur en environnement \u00e0 Pavie.\" \/>\n<meta property=\"og:url\" content=\"https:\/\/mita.mentine.work\/fr\/qui-sommes-nous\/travaillez-avec-nous\/\" \/>\n<meta property=\"og:site_name\" content=\"MITA Cooling Technologies\" \/>\n<meta property=\"article:publisher\" content=\"https:\/\/www.facebook.com\/MITA-Group-142299133128326\" \/>\n<meta property=\"article:modified_time\" content=\"2024-10-31T16:02:30+00:00\" \/>\n<meta property=\"og:image\" content=\"https:\/\/mita.mentine.work\/wp-content\/uploads\/2021\/06\/MITA-Group-Team.jpg\" \/>\n\t<meta property=\"og:image:width\" content=\"1600\" \/>\n\t<meta property=\"og:image:height\" content=\"1200\" \/>\n\t<meta property=\"og:image:type\" content=\"image\/jpeg\" \/>\n<meta name=\"twitter:card\" content=\"summary_large_image\" \/>\n<meta name=\"twitter:site\" content=\"@MITAgroup_ita\" \/>\n<script type=\"application\/ld+json\" class=\"yoast-schema-graph\">{\"@context\":\"https:\/\/schema.org\",\"@graph\":[{\"@type\":\"WebPage\",\"@id\":\"https:\/\/mita.mentine.work\/fr\/qui-sommes-nous\/travaillez-avec-nous\/\",\"url\":\"https:\/\/mita.mentine.work\/fr\/qui-sommes-nous\/travaillez-avec-nous\/\",\"name\":\"Emplois Ing\u00e9nieurs Milan et Pavie | MITA Cooling Technologies\",\"isPartOf\":{\"@id\":\"https:\/\/mita-a11y.mentine.work\/#website\"},\"primaryImageOfPage\":{\"@id\":\"https:\/\/mita.mentine.work\/fr\/qui-sommes-nous\/travaillez-avec-nous\/#primaryimage\"},\"image\":{\"@id\":\"https:\/\/mita.mentine.work\/fr\/qui-sommes-nous\/travaillez-avec-nous\/#primaryimage\"},\"thumbnailUrl\":\"https:\/\/mita.mentine.work\/wp-content\/uploads\/2021\/06\/MITA-Group-Team.jpg\",\"datePublished\":\"2021-02-25T15:41:47+00:00\",\"dateModified\":\"2024-10-31T16:02:30+00:00\",\"description\":\"Emplois Ing\u00e9nieurs. Emplois d'ing\u00e9nieurs en m\u00e9canique. Offres d'emploi d'ing\u00e9nieur en \u00e9nergie et d'ing\u00e9nieur en environnement \u00e0 Pavie.\",\"breadcrumb\":{\"@id\":\"https:\/\/mita.mentine.work\/fr\/qui-sommes-nous\/travaillez-avec-nous\/#breadcrumb\"},\"inLanguage\":\"fr-FR\",\"potentialAction\":[{\"@type\":\"ReadAction\",\"target\":[\"https:\/\/mita.mentine.work\/fr\/qui-sommes-nous\/travaillez-avec-nous\/\"]}]},{\"@type\":\"ImageObject\",\"inLanguage\":\"fr-FR\",\"@id\":\"https:\/\/mita.mentine.work\/fr\/qui-sommes-nous\/travaillez-avec-nous\/#primaryimage\",\"url\":\"https:\/\/mita.mentine.work\/wp-content\/uploads\/2021\/06\/MITA-Group-Team.jpg\",\"contentUrl\":\"https:\/\/mita.mentine.work\/wp-content\/uploads\/2021\/06\/MITA-Group-Team.jpg\",\"width\":1600,\"height\":1200,\"caption\":\"L'\u00e9quipe de MITA Group\"},{\"@type\":\"BreadcrumbList\",\"@id\":\"https:\/\/mita.mentine.work\/fr\/qui-sommes-nous\/travaillez-avec-nous\/#breadcrumb\",\"itemListElement\":[{\"@type\":\"ListItem\",\"position\":1,\"name\":\"Home\",\"item\":\"https:\/\/mita.mentine.work\/fr\/\"},{\"@type\":\"ListItem\",\"position\":2,\"name\":\"Qui sommes-nous\",\"item\":\"https:\/\/mita.mentine.work\/fr\/qui-sommes-nous\/\"},{\"@type\":\"ListItem\",\"position\":3,\"name\":\"Travaillez avec nous\"}]},{\"@type\":\"WebSite\",\"@id\":\"https:\/\/mita-a11y.mentine.work\/#website\",\"url\":\"https:\/\/mita-a11y.mentine.work\/\",\"name\":\"MITA Cooling Technologies\",\"description\":\"Your Process Cooling Advisor\",\"publisher\":{\"@id\":\"https:\/\/mita-a11y.mentine.work\/#organization\"},\"potentialAction\":[{\"@type\":\"SearchAction\",\"target\":{\"@type\":\"EntryPoint\",\"urlTemplate\":\"https:\/\/mita-a11y.mentine.work\/?s={search_term_string}\"},\"query-input\":{\"@type\":\"PropertyValueSpecification\",\"valueRequired\":true,\"valueName\":\"search_term_string\"}}],\"inLanguage\":\"fr-FR\"},{\"@type\":\"Organization\",\"@id\":\"https:\/\/mita-a11y.mentine.work\/#organization\",\"name\":\"MITA Cooling Technologies\",\"url\":\"https:\/\/mita-a11y.mentine.work\/\",\"logo\":{\"@type\":\"ImageObject\",\"inLanguage\":\"fr-FR\",\"@id\":\"https:\/\/mita-a11y.mentine.work\/#\/schema\/logo\/image\/\",\"url\":\"https:\/\/www.mitacoolingtechnologies.com\/wp-content\/uploads\/2021\/04\/MITA_cooling_alta.png\",\"contentUrl\":\"https:\/\/www.mitacoolingtechnologies.com\/wp-content\/uploads\/2021\/04\/MITA_cooling_alta.png\",\"width\":1676,\"height\":462,\"caption\":\"MITA Cooling Technologies\"},\"image\":{\"@id\":\"https:\/\/mita-a11y.mentine.work\/#\/schema\/logo\/image\/\"},\"sameAs\":[\"https:\/\/www.facebook.com\/MITA-Group-142299133128326\",\"https:\/\/x.com\/MITAgroup_ita\",\"https:\/\/www.instagram.com\/mitagroup_ita\/\",\"https:\/\/www.linkedin.com\/company\/mitacoolingtechnologies\/\",\"https:\/\/www.youtube.com\/playlist?list=PL6vCZ7E5FHe9AI-Ja5CIyfCGfJ-usQ71h\"]}]}<\/script>\n<!-- \/ Yoast SEO plugin. -->","yoast_head_json":{"title":"Emplois Ing\u00e9nieurs Milan et Pavie | MITA Cooling Technologies","description":"Emplois Ing\u00e9nieurs. Emplois d'ing\u00e9nieurs en m\u00e9canique. Offres d'emploi d'ing\u00e9nieur en \u00e9nergie et d'ing\u00e9nieur en environnement \u00e0 Pavie.","robots":{"index":"noindex","follow":"follow","max-snippet":"max-snippet:-1","max-image-preview":"max-image-preview:large","max-video-preview":"max-video-preview:-1"},"og_locale":"fr_FR","og_type":"article","og_title":"Emplois Ing\u00e9nieurs Milan et Pavie | MITA Cooling Technologies","og_description":"Emplois Ing\u00e9nieurs. Emplois d'ing\u00e9nieurs en m\u00e9canique. Offres d'emploi d'ing\u00e9nieur en \u00e9nergie et d'ing\u00e9nieur en environnement \u00e0 Pavie.","og_url":"https:\/\/mita.mentine.work\/fr\/qui-sommes-nous\/travaillez-avec-nous\/","og_site_name":"MITA Cooling Technologies","article_publisher":"https:\/\/www.facebook.com\/MITA-Group-142299133128326","article_modified_time":"2024-10-31T16:02:30+00:00","og_image":[{"width":1600,"height":1200,"url":"https:\/\/mita.mentine.work\/wp-content\/uploads\/2021\/06\/MITA-Group-Team.jpg","type":"image\/jpeg"}],"twitter_card":"summary_large_image","twitter_site":"@MITAgroup_ita","schema":{"@context":"https:\/\/schema.org","@graph":[{"@type":"WebPage","@id":"https:\/\/mita.mentine.work\/fr\/qui-sommes-nous\/travaillez-avec-nous\/","url":"https:\/\/mita.mentine.work\/fr\/qui-sommes-nous\/travaillez-avec-nous\/","name":"Emplois Ing\u00e9nieurs Milan et Pavie | MITA Cooling Technologies","isPartOf":{"@id":"https:\/\/mita-a11y.mentine.work\/#website"},"primaryImageOfPage":{"@id":"https:\/\/mita.mentine.work\/fr\/qui-sommes-nous\/travaillez-avec-nous\/#primaryimage"},"image":{"@id":"https:\/\/mita.mentine.work\/fr\/qui-sommes-nous\/travaillez-avec-nous\/#primaryimage"},"thumbnailUrl":"https:\/\/mita.mentine.work\/wp-content\/uploads\/2021\/06\/MITA-Group-Team.jpg","datePublished":"2021-02-25T15:41:47+00:00","dateModified":"2024-10-31T16:02:30+00:00","description":"Emplois Ing\u00e9nieurs. Emplois d'ing\u00e9nieurs en m\u00e9canique. Offres d'emploi d'ing\u00e9nieur en \u00e9nergie et d'ing\u00e9nieur en environnement \u00e0 Pavie.","breadcrumb":{"@id":"https:\/\/mita.mentine.work\/fr\/qui-sommes-nous\/travaillez-avec-nous\/#breadcrumb"},"inLanguage":"fr-FR","potentialAction":[{"@type":"ReadAction","target":["https:\/\/mita.mentine.work\/fr\/qui-sommes-nous\/travaillez-avec-nous\/"]}]},{"@type":"ImageObject","inLanguage":"fr-FR","@id":"https:\/\/mita.mentine.work\/fr\/qui-sommes-nous\/travaillez-avec-nous\/#primaryimage","url":"https:\/\/mita.mentine.work\/wp-content\/uploads\/2021\/06\/MITA-Group-Team.jpg","contentUrl":"https:\/\/mita.mentine.work\/wp-content\/uploads\/2021\/06\/MITA-Group-Team.jpg","width":1600,"height":1200,"caption":"L'\u00e9quipe de MITA Group"},{"@type":"BreadcrumbList","@id":"https:\/\/mita.mentine.work\/fr\/qui-sommes-nous\/travaillez-avec-nous\/#breadcrumb","itemListElement":[{"@type":"ListItem","position":1,"name":"Home","item":"https:\/\/mita.mentine.work\/fr\/"},{"@type":"ListItem","position":2,"name":"Qui sommes-nous","item":"https:\/\/mita.mentine.work\/fr\/qui-sommes-nous\/"},{"@type":"ListItem","position":3,"name":"Travaillez avec nous"}]},{"@type":"WebSite","@id":"https:\/\/mita-a11y.mentine.work\/#website","url":"https:\/\/mita-a11y.mentine.work\/","name":"MITA Cooling Technologies","description":"Your Process Cooling Advisor","publisher":{"@id":"https:\/\/mita-a11y.mentine.work\/#organization"},"potentialAction":[{"@type":"SearchAction","target":{"@type":"EntryPoint","urlTemplate":"https:\/\/mita-a11y.mentine.work\/?s={search_term_string}"},"query-input":{"@type":"PropertyValueSpecification","valueRequired":true,"valueName":"search_term_string"}}],"inLanguage":"fr-FR"},{"@type":"Organization","@id":"https:\/\/mita-a11y.mentine.work\/#organization","name":"MITA Cooling Technologies","url":"https:\/\/mita-a11y.mentine.work\/","logo":{"@type":"ImageObject","inLanguage":"fr-FR","@id":"https:\/\/mita-a11y.mentine.work\/#\/schema\/logo\/image\/","url":"https:\/\/www.mitacoolingtechnologies.com\/wp-content\/uploads\/2021\/04\/MITA_cooling_alta.png","contentUrl":"https:\/\/www.mitacoolingtechnologies.com\/wp-content\/uploads\/2021\/04\/MITA_cooling_alta.png","width":1676,"height":462,"caption":"MITA Cooling Technologies"},"image":{"@id":"https:\/\/mita-a11y.mentine.work\/#\/schema\/logo\/image\/"},"sameAs":["https:\/\/www.facebook.com\/MITA-Group-142299133128326","https:\/\/x.com\/MITAgroup_ita","https:\/\/www.instagram.com\/mitagroup_ita\/","https:\/\/www.linkedin.com\/company\/mitacoolingtechnologies\/","https:\/\/www.youtube.com\/playlist?list=PL6vCZ7E5FHe9AI-Ja5CIyfCGfJ-usQ71h"]}]}},"_links":{"self":[{"href":"https:\/\/mita.mentine.work\/fr\/wp-json\/wp\/v2\/pages\/8856","targetHints":{"allow":["GET"]}}],"collection":[{"href":"https:\/\/mita.mentine.work\/fr\/wp-json\/wp\/v2\/pages"}],"about":[{"href":"https:\/\/mita.mentine.work\/fr\/wp-json\/wp\/v2\/types\/page"}],"author":[{"embeddable":true,"href":"https:\/\/mita.mentine.work\/fr\/wp-json\/wp\/v2\/users\/1"}],"replies":[{"embeddable":true,"href":"https:\/\/mita.mentine.work\/fr\/wp-json\/wp\/v2\/comments?post=8856"}],"version-history":[{"count":14,"href":"https:\/\/mita.mentine.work\/fr\/wp-json\/wp\/v2\/pages\/8856\/revisions"}],"predecessor-version":[{"id":49567,"href":"https:\/\/mita.mentine.work\/fr\/wp-json\/wp\/v2\/pages\/8856\/revisions\/49567"}],"up":[{"embeddable":true,"href":"https:\/\/mita.mentine.work\/fr\/wp-json\/wp\/v2\/pages\/8848"}],"wp:featuredmedia":[{"embeddable":true,"href":"https:\/\/mita.mentine.work\/fr\/wp-json\/wp\/v2\/media\/11054"}],"wp:attachment":[{"href":"https:\/\/mita.mentine.work\/fr\/wp-json\/wp\/v2\/media?parent=8856"}],"curies":[{"name":"wp","href":"https:\/\/api.w.org\/{rel}","templated":true}]}}