{"id":20009,"date":"2023-04-19T09:43:19","date_gmt":"2023-04-19T07:43:19","guid":{"rendered":"https:\/\/www.mitacoolingtechnologies.com\/besoins\/carbon-footprint-reduction-in-cooling\/"},"modified":"2023-04-21T14:31:25","modified_gmt":"2023-04-21T12:31:25","slug":"reduction-de-lempreinte-carbone-du-refroidissement","status":"publish","type":"page","link":"https:\/\/mita.mentine.work\/fr\/besoins\/reduction-de-lempreinte-carbone-du-refroidissement\/","title":{"rendered":"R\u00e9duction de l&#8217;empreinte carbone"},"content":{"rendered":"","protected":false},"excerpt":{"rendered":"<p>Le soutien ou le respect de la durabilit\u00e9 environnementale et de l&rsquo;\u00e9conomie circulaire permet \u00e9galement d&rsquo;optimiser les ressources dans le domaine du refroidissement.<\/p>\n","protected":false},"author":3,"featured_media":19903,"parent":8926,"menu_order":352,"comment_status":"closed","ping_status":"closed","template":"","meta":{"_acf_changed":false,"inline_featured_image":false,"footnotes":""},"class_list":["post-20009","page","type-page","status-publish","has-post-thumbnail","hentry"],"acf":[],"yoast_head":"<!-- This site is optimized with the Yoast SEO plugin v26.9 - https:\/\/yoast.com\/product\/yoast-seo-wordpress\/ -->\n<title>R\u00e9duction de l&#039;empreinte carbone - MITA Cooling Technologies<\/title>\n<meta name=\"description\" content=\"Le soutien ou le respect de la durabilit\u00e9 environnementale et de l&#039;\u00e9conomie circulaire permet \u00e9galement d&#039;optimiser les ressources.\" \/>\n<meta name=\"robots\" content=\"noindex, follow, max-snippet:-1, max-image-preview:large, max-video-preview:-1\" \/>\n<meta property=\"og:locale\" content=\"fr_FR\" \/>\n<meta property=\"og:type\" content=\"article\" \/>\n<meta property=\"og:title\" content=\"R\u00e9duction de l&#039;empreinte carbone - MITA Cooling Technologies\" \/>\n<meta property=\"og:description\" content=\"Le soutien ou le respect de la durabilit\u00e9 environnementale et de l&#039;\u00e9conomie circulaire permet \u00e9galement d&#039;optimiser les ressources.\" \/>\n<meta property=\"og:url\" content=\"https:\/\/mita.mentine.work\/fr\/besoins\/reduction-de-lempreinte-carbone-du-refroidissement\/\" \/>\n<meta property=\"og:site_name\" content=\"MITA Cooling Technologies\" \/>\n<meta property=\"article:publisher\" content=\"https:\/\/www.facebook.com\/MITA-Group-142299133128326\" \/>\n<meta property=\"article:modified_time\" content=\"2023-04-21T12:31:25+00:00\" \/>\n<meta property=\"og:image\" content=\"https:\/\/mita.mentine.work\/wp-content\/uploads\/2023\/04\/Need-of-Carbon-Dioxide-Reduction_Photo-Mounting-for-Website.jpg\" \/>\n\t<meta property=\"og:image:width\" content=\"1920\" \/>\n\t<meta property=\"og:image:height\" content=\"1080\" \/>\n\t<meta property=\"og:image:type\" content=\"image\/jpeg\" \/>\n<meta name=\"twitter:card\" content=\"summary_large_image\" \/>\n<meta name=\"twitter:site\" content=\"@MITAgroup_ita\" \/>\n<script type=\"application\/ld+json\" class=\"yoast-schema-graph\">{\"@context\":\"https:\/\/schema.org\",\"@graph\":[{\"@type\":\"WebPage\",\"@id\":\"https:\/\/mita.mentine.work\/fr\/besoins\/reduction-de-lempreinte-carbone-du-refroidissement\/\",\"url\":\"https:\/\/mita.mentine.work\/fr\/besoins\/reduction-de-lempreinte-carbone-du-refroidissement\/\",\"name\":\"R\u00e9duction de l'empreinte carbone - MITA Cooling Technologies\",\"isPartOf\":{\"@id\":\"https:\/\/mita-a11y.mentine.work\/#website\"},\"primaryImageOfPage\":{\"@id\":\"https:\/\/mita.mentine.work\/fr\/besoins\/reduction-de-lempreinte-carbone-du-refroidissement\/#primaryimage\"},\"image\":{\"@id\":\"https:\/\/mita.mentine.work\/fr\/besoins\/reduction-de-lempreinte-carbone-du-refroidissement\/#primaryimage\"},\"thumbnailUrl\":\"https:\/\/mita.mentine.work\/wp-content\/uploads\/2023\/04\/Need-of-Carbon-Dioxide-Reduction_Photo-Mounting-for-Website.jpg\",\"datePublished\":\"2023-04-19T07:43:19+00:00\",\"dateModified\":\"2023-04-21T12:31:25+00:00\",\"description\":\"Le soutien ou le respect de la durabilit\u00e9 environnementale et de l'\u00e9conomie circulaire permet \u00e9galement d'optimiser les ressources.\",\"breadcrumb\":{\"@id\":\"https:\/\/mita.mentine.work\/fr\/besoins\/reduction-de-lempreinte-carbone-du-refroidissement\/#breadcrumb\"},\"inLanguage\":\"fr-FR\",\"potentialAction\":[{\"@type\":\"ReadAction\",\"target\":[\"https:\/\/mita.mentine.work\/fr\/besoins\/reduction-de-lempreinte-carbone-du-refroidissement\/\"]}]},{\"@type\":\"ImageObject\",\"inLanguage\":\"fr-FR\",\"@id\":\"https:\/\/mita.mentine.work\/fr\/besoins\/reduction-de-lempreinte-carbone-du-refroidissement\/#primaryimage\",\"url\":\"https:\/\/mita.mentine.work\/wp-content\/uploads\/2023\/04\/Need-of-Carbon-Dioxide-Reduction_Photo-Mounting-for-Website.jpg\",\"contentUrl\":\"https:\/\/mita.mentine.work\/wp-content\/uploads\/2023\/04\/Need-of-Carbon-Dioxide-Reduction_Photo-Mounting-for-Website.jpg\",\"width\":1920,\"height\":1080,\"caption\":\"N\u00e9cessit\u00e9 de r\u00e9duire les \u00e9missions de dioxyde de carbone\"},{\"@type\":\"BreadcrumbList\",\"@id\":\"https:\/\/mita.mentine.work\/fr\/besoins\/reduction-de-lempreinte-carbone-du-refroidissement\/#breadcrumb\",\"itemListElement\":[{\"@type\":\"ListItem\",\"position\":1,\"name\":\"Home\",\"item\":\"https:\/\/mita.mentine.work\/fr\/\"},{\"@type\":\"ListItem\",\"position\":2,\"name\":\"Besoins\",\"item\":\"https:\/\/mita.mentine.work\/fr\/besoins\/\"},{\"@type\":\"ListItem\",\"position\":3,\"name\":\"R\u00e9duction de l&#8217;empreinte carbone\"}]},{\"@type\":\"WebSite\",\"@id\":\"https:\/\/mita-a11y.mentine.work\/#website\",\"url\":\"https:\/\/mita-a11y.mentine.work\/\",\"name\":\"MITA Cooling Technologies\",\"description\":\"Your Process Cooling Advisor\",\"publisher\":{\"@id\":\"https:\/\/mita-a11y.mentine.work\/#organization\"},\"potentialAction\":[{\"@type\":\"SearchAction\",\"target\":{\"@type\":\"EntryPoint\",\"urlTemplate\":\"https:\/\/mita-a11y.mentine.work\/?s={search_term_string}\"},\"query-input\":{\"@type\":\"PropertyValueSpecification\",\"valueRequired\":true,\"valueName\":\"search_term_string\"}}],\"inLanguage\":\"fr-FR\"},{\"@type\":\"Organization\",\"@id\":\"https:\/\/mita-a11y.mentine.work\/#organization\",\"name\":\"MITA Cooling Technologies\",\"url\":\"https:\/\/mita-a11y.mentine.work\/\",\"logo\":{\"@type\":\"ImageObject\",\"inLanguage\":\"fr-FR\",\"@id\":\"https:\/\/mita-a11y.mentine.work\/#\/schema\/logo\/image\/\",\"url\":\"https:\/\/www.mitacoolingtechnologies.com\/wp-content\/uploads\/2021\/04\/MITA_cooling_alta.png\",\"contentUrl\":\"https:\/\/www.mitacoolingtechnologies.com\/wp-content\/uploads\/2021\/04\/MITA_cooling_alta.png\",\"width\":1676,\"height\":462,\"caption\":\"MITA Cooling Technologies\"},\"image\":{\"@id\":\"https:\/\/mita-a11y.mentine.work\/#\/schema\/logo\/image\/\"},\"sameAs\":[\"https:\/\/www.facebook.com\/MITA-Group-142299133128326\",\"https:\/\/x.com\/MITAgroup_ita\",\"https:\/\/www.instagram.com\/mitagroup_ita\/\",\"https:\/\/www.linkedin.com\/company\/mitacoolingtechnologies\/\",\"https:\/\/www.youtube.com\/playlist?list=PL6vCZ7E5FHe9AI-Ja5CIyfCGfJ-usQ71h\"]}]}<\/script>\n<!-- \/ Yoast SEO plugin. -->","yoast_head_json":{"title":"R\u00e9duction de l'empreinte carbone - MITA Cooling Technologies","description":"Le soutien ou le respect de la durabilit\u00e9 environnementale et de l'\u00e9conomie circulaire permet \u00e9galement d'optimiser les ressources.","robots":{"index":"noindex","follow":"follow","max-snippet":"max-snippet:-1","max-image-preview":"max-image-preview:large","max-video-preview":"max-video-preview:-1"},"og_locale":"fr_FR","og_type":"article","og_title":"R\u00e9duction de l'empreinte carbone - MITA Cooling Technologies","og_description":"Le soutien ou le respect de la durabilit\u00e9 environnementale et de l'\u00e9conomie circulaire permet \u00e9galement d'optimiser les ressources.","og_url":"https:\/\/mita.mentine.work\/fr\/besoins\/reduction-de-lempreinte-carbone-du-refroidissement\/","og_site_name":"MITA Cooling Technologies","article_publisher":"https:\/\/www.facebook.com\/MITA-Group-142299133128326","article_modified_time":"2023-04-21T12:31:25+00:00","og_image":[{"width":1920,"height":1080,"url":"https:\/\/mita.mentine.work\/wp-content\/uploads\/2023\/04\/Need-of-Carbon-Dioxide-Reduction_Photo-Mounting-for-Website.jpg","type":"image\/jpeg"}],"twitter_card":"summary_large_image","twitter_site":"@MITAgroup_ita","schema":{"@context":"https:\/\/schema.org","@graph":[{"@type":"WebPage","@id":"https:\/\/mita.mentine.work\/fr\/besoins\/reduction-de-lempreinte-carbone-du-refroidissement\/","url":"https:\/\/mita.mentine.work\/fr\/besoins\/reduction-de-lempreinte-carbone-du-refroidissement\/","name":"R\u00e9duction de l'empreinte carbone - MITA Cooling Technologies","isPartOf":{"@id":"https:\/\/mita-a11y.mentine.work\/#website"},"primaryImageOfPage":{"@id":"https:\/\/mita.mentine.work\/fr\/besoins\/reduction-de-lempreinte-carbone-du-refroidissement\/#primaryimage"},"image":{"@id":"https:\/\/mita.mentine.work\/fr\/besoins\/reduction-de-lempreinte-carbone-du-refroidissement\/#primaryimage"},"thumbnailUrl":"https:\/\/mita.mentine.work\/wp-content\/uploads\/2023\/04\/Need-of-Carbon-Dioxide-Reduction_Photo-Mounting-for-Website.jpg","datePublished":"2023-04-19T07:43:19+00:00","dateModified":"2023-04-21T12:31:25+00:00","description":"Le soutien ou le respect de la durabilit\u00e9 environnementale et de l'\u00e9conomie circulaire permet \u00e9galement d'optimiser les ressources.","breadcrumb":{"@id":"https:\/\/mita.mentine.work\/fr\/besoins\/reduction-de-lempreinte-carbone-du-refroidissement\/#breadcrumb"},"inLanguage":"fr-FR","potentialAction":[{"@type":"ReadAction","target":["https:\/\/mita.mentine.work\/fr\/besoins\/reduction-de-lempreinte-carbone-du-refroidissement\/"]}]},{"@type":"ImageObject","inLanguage":"fr-FR","@id":"https:\/\/mita.mentine.work\/fr\/besoins\/reduction-de-lempreinte-carbone-du-refroidissement\/#primaryimage","url":"https:\/\/mita.mentine.work\/wp-content\/uploads\/2023\/04\/Need-of-Carbon-Dioxide-Reduction_Photo-Mounting-for-Website.jpg","contentUrl":"https:\/\/mita.mentine.work\/wp-content\/uploads\/2023\/04\/Need-of-Carbon-Dioxide-Reduction_Photo-Mounting-for-Website.jpg","width":1920,"height":1080,"caption":"N\u00e9cessit\u00e9 de r\u00e9duire les \u00e9missions de dioxyde de carbone"},{"@type":"BreadcrumbList","@id":"https:\/\/mita.mentine.work\/fr\/besoins\/reduction-de-lempreinte-carbone-du-refroidissement\/#breadcrumb","itemListElement":[{"@type":"ListItem","position":1,"name":"Home","item":"https:\/\/mita.mentine.work\/fr\/"},{"@type":"ListItem","position":2,"name":"Besoins","item":"https:\/\/mita.mentine.work\/fr\/besoins\/"},{"@type":"ListItem","position":3,"name":"R\u00e9duction de l&#8217;empreinte carbone"}]},{"@type":"WebSite","@id":"https:\/\/mita-a11y.mentine.work\/#website","url":"https:\/\/mita-a11y.mentine.work\/","name":"MITA Cooling Technologies","description":"Your Process Cooling Advisor","publisher":{"@id":"https:\/\/mita-a11y.mentine.work\/#organization"},"potentialAction":[{"@type":"SearchAction","target":{"@type":"EntryPoint","urlTemplate":"https:\/\/mita-a11y.mentine.work\/?s={search_term_string}"},"query-input":{"@type":"PropertyValueSpecification","valueRequired":true,"valueName":"search_term_string"}}],"inLanguage":"fr-FR"},{"@type":"Organization","@id":"https:\/\/mita-a11y.mentine.work\/#organization","name":"MITA Cooling Technologies","url":"https:\/\/mita-a11y.mentine.work\/","logo":{"@type":"ImageObject","inLanguage":"fr-FR","@id":"https:\/\/mita-a11y.mentine.work\/#\/schema\/logo\/image\/","url":"https:\/\/www.mitacoolingtechnologies.com\/wp-content\/uploads\/2021\/04\/MITA_cooling_alta.png","contentUrl":"https:\/\/www.mitacoolingtechnologies.com\/wp-content\/uploads\/2021\/04\/MITA_cooling_alta.png","width":1676,"height":462,"caption":"MITA Cooling Technologies"},"image":{"@id":"https:\/\/mita-a11y.mentine.work\/#\/schema\/logo\/image\/"},"sameAs":["https:\/\/www.facebook.com\/MITA-Group-142299133128326","https:\/\/x.com\/MITAgroup_ita","https:\/\/www.instagram.com\/mitagroup_ita\/","https:\/\/www.linkedin.com\/company\/mitacoolingtechnologies\/","https:\/\/www.youtube.com\/playlist?list=PL6vCZ7E5FHe9AI-Ja5CIyfCGfJ-usQ71h"]}]}},"_links":{"self":[{"href":"https:\/\/mita.mentine.work\/fr\/wp-json\/wp\/v2\/pages\/20009","targetHints":{"allow":["GET"]}}],"collection":[{"href":"https:\/\/mita.mentine.work\/fr\/wp-json\/wp\/v2\/pages"}],"about":[{"href":"https:\/\/mita.mentine.work\/fr\/wp-json\/wp\/v2\/types\/page"}],"author":[{"embeddable":true,"href":"https:\/\/mita.mentine.work\/fr\/wp-json\/wp\/v2\/users\/3"}],"replies":[{"embeddable":true,"href":"https:\/\/mita.mentine.work\/fr\/wp-json\/wp\/v2\/comments?post=20009"}],"version-history":[{"count":3,"href":"https:\/\/mita.mentine.work\/fr\/wp-json\/wp\/v2\/pages\/20009\/revisions"}],"predecessor-version":[{"id":20160,"href":"https:\/\/mita.mentine.work\/fr\/wp-json\/wp\/v2\/pages\/20009\/revisions\/20160"}],"up":[{"embeddable":true,"href":"https:\/\/mita.mentine.work\/fr\/wp-json\/wp\/v2\/pages\/8926"}],"wp:featuredmedia":[{"embeddable":true,"href":"https:\/\/mita.mentine.work\/fr\/wp-json\/wp\/v2\/media\/19903"}],"wp:attachment":[{"href":"https:\/\/mita.mentine.work\/fr\/wp-json\/wp\/v2\/media?parent=20009"}],"curies":[{"name":"wp","href":"https:\/\/api.w.org\/{rel}","templated":true}]}}