{"id":14483,"date":"2022-08-29T16:30:05","date_gmt":"2022-08-29T14:30:05","guid":{"rendered":"https:\/\/www.mitacoolingtechnologies.com\/torre-di-raffreddamento-funzionamento-e-utilizzo\/"},"modified":"2024-09-04T11:45:16","modified_gmt":"2024-09-04T09:45:16","slug":"tour-de-refroidissement-fonctionnement-et-utilisation","status":"publish","type":"page","link":"https:\/\/mita.mentine.work\/fr\/ressources\/tour-de-refroidissement-fonctionnement-et-utilisation\/","title":{"rendered":"Tour de refroidissement : fonctionnement et utilisation"},"content":{"rendered":"","protected":false},"excerpt":{"rendered":"","protected":false},"author":3,"featured_media":12104,"parent":9345,"menu_order":119,"comment_status":"closed","ping_status":"closed","template":"pagina-pillar.php","meta":{"_acf_changed":false,"inline_featured_image":false,"footnotes":""},"class_list":["post-14483","page","type-page","status-publish","has-post-thumbnail","hentry"],"acf":[],"yoast_head":"<!-- This site is optimized with the Yoast SEO plugin v26.9 - https:\/\/yoast.com\/product\/yoast-seo-wordpress\/ -->\n<title>Tour de refroidissement : fonctionnement et utilisation - MITA Cooling Technologies<\/title>\n<meta name=\"description\" content=\"Un guide complet sur le fonctionnement des tours a\u00e9ror\u00e9frig\u00e9rantes ouvertes et ferm\u00e9es. Composants de la tour de refroidissement.\" \/>\n<meta name=\"robots\" content=\"noindex, follow, max-snippet:-1, max-image-preview:large, max-video-preview:-1\" \/>\n<meta property=\"og:locale\" content=\"fr_FR\" \/>\n<meta property=\"og:type\" content=\"article\" \/>\n<meta property=\"og:title\" content=\"Tour de refroidissement : fonctionnement et utilisation - MITA Cooling Technologies\" \/>\n<meta property=\"og:description\" content=\"Un guide complet sur le fonctionnement des tours a\u00e9ror\u00e9frig\u00e9rantes ouvertes et ferm\u00e9es. Composants de la tour de refroidissement.\" \/>\n<meta property=\"og:url\" content=\"https:\/\/mita.mentine.work\/fr\/ressources\/tour-de-refroidissement-fonctionnement-et-utilisation\/\" \/>\n<meta property=\"og:site_name\" content=\"MITA Cooling Technologies\" \/>\n<meta property=\"article:publisher\" content=\"https:\/\/www.facebook.com\/MITA-Group-142299133128326\" \/>\n<meta property=\"article:modified_time\" content=\"2024-09-04T09:45:16+00:00\" \/>\n<meta property=\"og:image\" content=\"https:\/\/mita.mentine.work\/wp-content\/uploads\/2021\/12\/IMG-20201016-WA0001.jpg\" \/>\n\t<meta property=\"og:image:width\" content=\"1600\" \/>\n\t<meta property=\"og:image:height\" content=\"1200\" \/>\n\t<meta property=\"og:image:type\" content=\"image\/jpeg\" \/>\n<meta name=\"twitter:card\" content=\"summary_large_image\" \/>\n<meta name=\"twitter:site\" content=\"@MITAgroup_ita\" \/>\n<script type=\"application\/ld+json\" class=\"yoast-schema-graph\">{\"@context\":\"https:\/\/schema.org\",\"@graph\":[{\"@type\":\"WebPage\",\"@id\":\"https:\/\/mita.mentine.work\/fr\/ressources\/tour-de-refroidissement-fonctionnement-et-utilisation\/\",\"url\":\"https:\/\/mita.mentine.work\/fr\/ressources\/tour-de-refroidissement-fonctionnement-et-utilisation\/\",\"name\":\"Tour de refroidissement : fonctionnement et utilisation - MITA Cooling Technologies\",\"isPartOf\":{\"@id\":\"https:\/\/mita-a11y.mentine.work\/#website\"},\"primaryImageOfPage\":{\"@id\":\"https:\/\/mita.mentine.work\/fr\/ressources\/tour-de-refroidissement-fonctionnement-et-utilisation\/#primaryimage\"},\"image\":{\"@id\":\"https:\/\/mita.mentine.work\/fr\/ressources\/tour-de-refroidissement-fonctionnement-et-utilisation\/#primaryimage\"},\"thumbnailUrl\":\"https:\/\/mita.mentine.work\/wp-content\/uploads\/2021\/12\/IMG-20201016-WA0001.jpg\",\"datePublished\":\"2022-08-29T14:30:05+00:00\",\"dateModified\":\"2024-09-04T09:45:16+00:00\",\"description\":\"Un guide complet sur le fonctionnement des tours a\u00e9ror\u00e9frig\u00e9rantes ouvertes et ferm\u00e9es. Composants de la tour de refroidissement.\",\"breadcrumb\":{\"@id\":\"https:\/\/mita.mentine.work\/fr\/ressources\/tour-de-refroidissement-fonctionnement-et-utilisation\/#breadcrumb\"},\"inLanguage\":\"fr-FR\",\"potentialAction\":[{\"@type\":\"ReadAction\",\"target\":[\"https:\/\/mita.mentine.work\/fr\/ressources\/tour-de-refroidissement-fonctionnement-et-utilisation\/\"]}]},{\"@type\":\"ImageObject\",\"inLanguage\":\"fr-FR\",\"@id\":\"https:\/\/mita.mentine.work\/fr\/ressources\/tour-de-refroidissement-fonctionnement-et-utilisation\/#primaryimage\",\"url\":\"https:\/\/mita.mentine.work\/wp-content\/uploads\/2021\/12\/IMG-20201016-WA0001.jpg\",\"contentUrl\":\"https:\/\/mita.mentine.work\/wp-content\/uploads\/2021\/12\/IMG-20201016-WA0001.jpg\",\"width\":1600,\"height\":1200,\"caption\":\"Une tour a\u00e9ror\u00e9frig\u00e9rante avec logo MITA\"},{\"@type\":\"BreadcrumbList\",\"@id\":\"https:\/\/mita.mentine.work\/fr\/ressources\/tour-de-refroidissement-fonctionnement-et-utilisation\/#breadcrumb\",\"itemListElement\":[{\"@type\":\"ListItem\",\"position\":1,\"name\":\"Home\",\"item\":\"https:\/\/mita.mentine.work\/fr\/\"},{\"@type\":\"ListItem\",\"position\":2,\"name\":\"Ressources\",\"item\":\"https:\/\/mita.mentine.work\/fr\/ressources\/\"},{\"@type\":\"ListItem\",\"position\":3,\"name\":\"Tour de refroidissement : fonctionnement et utilisation\"}]},{\"@type\":\"WebSite\",\"@id\":\"https:\/\/mita-a11y.mentine.work\/#website\",\"url\":\"https:\/\/mita-a11y.mentine.work\/\",\"name\":\"MITA Cooling Technologies\",\"description\":\"Your Process Cooling Advisor\",\"publisher\":{\"@id\":\"https:\/\/mita-a11y.mentine.work\/#organization\"},\"potentialAction\":[{\"@type\":\"SearchAction\",\"target\":{\"@type\":\"EntryPoint\",\"urlTemplate\":\"https:\/\/mita-a11y.mentine.work\/?s={search_term_string}\"},\"query-input\":{\"@type\":\"PropertyValueSpecification\",\"valueRequired\":true,\"valueName\":\"search_term_string\"}}],\"inLanguage\":\"fr-FR\"},{\"@type\":\"Organization\",\"@id\":\"https:\/\/mita-a11y.mentine.work\/#organization\",\"name\":\"MITA Cooling Technologies\",\"url\":\"https:\/\/mita-a11y.mentine.work\/\",\"logo\":{\"@type\":\"ImageObject\",\"inLanguage\":\"fr-FR\",\"@id\":\"https:\/\/mita-a11y.mentine.work\/#\/schema\/logo\/image\/\",\"url\":\"https:\/\/www.mitacoolingtechnologies.com\/wp-content\/uploads\/2021\/04\/MITA_cooling_alta.png\",\"contentUrl\":\"https:\/\/www.mitacoolingtechnologies.com\/wp-content\/uploads\/2021\/04\/MITA_cooling_alta.png\",\"width\":1676,\"height\":462,\"caption\":\"MITA Cooling Technologies\"},\"image\":{\"@id\":\"https:\/\/mita-a11y.mentine.work\/#\/schema\/logo\/image\/\"},\"sameAs\":[\"https:\/\/www.facebook.com\/MITA-Group-142299133128326\",\"https:\/\/x.com\/MITAgroup_ita\",\"https:\/\/www.instagram.com\/mitagroup_ita\/\",\"https:\/\/www.linkedin.com\/company\/mitacoolingtechnologies\/\",\"https:\/\/www.youtube.com\/playlist?list=PL6vCZ7E5FHe9AI-Ja5CIyfCGfJ-usQ71h\"]}]}<\/script>\n<!-- \/ Yoast SEO plugin. -->","yoast_head_json":{"title":"Tour de refroidissement : fonctionnement et utilisation - MITA Cooling Technologies","description":"Un guide complet sur le fonctionnement des tours a\u00e9ror\u00e9frig\u00e9rantes ouvertes et ferm\u00e9es. Composants de la tour de refroidissement.","robots":{"index":"noindex","follow":"follow","max-snippet":"max-snippet:-1","max-image-preview":"max-image-preview:large","max-video-preview":"max-video-preview:-1"},"og_locale":"fr_FR","og_type":"article","og_title":"Tour de refroidissement : fonctionnement et utilisation - MITA Cooling Technologies","og_description":"Un guide complet sur le fonctionnement des tours a\u00e9ror\u00e9frig\u00e9rantes ouvertes et ferm\u00e9es. Composants de la tour de refroidissement.","og_url":"https:\/\/mita.mentine.work\/fr\/ressources\/tour-de-refroidissement-fonctionnement-et-utilisation\/","og_site_name":"MITA Cooling Technologies","article_publisher":"https:\/\/www.facebook.com\/MITA-Group-142299133128326","article_modified_time":"2024-09-04T09:45:16+00:00","og_image":[{"width":1600,"height":1200,"url":"https:\/\/mita.mentine.work\/wp-content\/uploads\/2021\/12\/IMG-20201016-WA0001.jpg","type":"image\/jpeg"}],"twitter_card":"summary_large_image","twitter_site":"@MITAgroup_ita","schema":{"@context":"https:\/\/schema.org","@graph":[{"@type":"WebPage","@id":"https:\/\/mita.mentine.work\/fr\/ressources\/tour-de-refroidissement-fonctionnement-et-utilisation\/","url":"https:\/\/mita.mentine.work\/fr\/ressources\/tour-de-refroidissement-fonctionnement-et-utilisation\/","name":"Tour de refroidissement : fonctionnement et utilisation - MITA Cooling Technologies","isPartOf":{"@id":"https:\/\/mita-a11y.mentine.work\/#website"},"primaryImageOfPage":{"@id":"https:\/\/mita.mentine.work\/fr\/ressources\/tour-de-refroidissement-fonctionnement-et-utilisation\/#primaryimage"},"image":{"@id":"https:\/\/mita.mentine.work\/fr\/ressources\/tour-de-refroidissement-fonctionnement-et-utilisation\/#primaryimage"},"thumbnailUrl":"https:\/\/mita.mentine.work\/wp-content\/uploads\/2021\/12\/IMG-20201016-WA0001.jpg","datePublished":"2022-08-29T14:30:05+00:00","dateModified":"2024-09-04T09:45:16+00:00","description":"Un guide complet sur le fonctionnement des tours a\u00e9ror\u00e9frig\u00e9rantes ouvertes et ferm\u00e9es. Composants de la tour de refroidissement.","breadcrumb":{"@id":"https:\/\/mita.mentine.work\/fr\/ressources\/tour-de-refroidissement-fonctionnement-et-utilisation\/#breadcrumb"},"inLanguage":"fr-FR","potentialAction":[{"@type":"ReadAction","target":["https:\/\/mita.mentine.work\/fr\/ressources\/tour-de-refroidissement-fonctionnement-et-utilisation\/"]}]},{"@type":"ImageObject","inLanguage":"fr-FR","@id":"https:\/\/mita.mentine.work\/fr\/ressources\/tour-de-refroidissement-fonctionnement-et-utilisation\/#primaryimage","url":"https:\/\/mita.mentine.work\/wp-content\/uploads\/2021\/12\/IMG-20201016-WA0001.jpg","contentUrl":"https:\/\/mita.mentine.work\/wp-content\/uploads\/2021\/12\/IMG-20201016-WA0001.jpg","width":1600,"height":1200,"caption":"Une tour a\u00e9ror\u00e9frig\u00e9rante avec logo MITA"},{"@type":"BreadcrumbList","@id":"https:\/\/mita.mentine.work\/fr\/ressources\/tour-de-refroidissement-fonctionnement-et-utilisation\/#breadcrumb","itemListElement":[{"@type":"ListItem","position":1,"name":"Home","item":"https:\/\/mita.mentine.work\/fr\/"},{"@type":"ListItem","position":2,"name":"Ressources","item":"https:\/\/mita.mentine.work\/fr\/ressources\/"},{"@type":"ListItem","position":3,"name":"Tour de refroidissement : fonctionnement et utilisation"}]},{"@type":"WebSite","@id":"https:\/\/mita-a11y.mentine.work\/#website","url":"https:\/\/mita-a11y.mentine.work\/","name":"MITA Cooling Technologies","description":"Your Process Cooling Advisor","publisher":{"@id":"https:\/\/mita-a11y.mentine.work\/#organization"},"potentialAction":[{"@type":"SearchAction","target":{"@type":"EntryPoint","urlTemplate":"https:\/\/mita-a11y.mentine.work\/?s={search_term_string}"},"query-input":{"@type":"PropertyValueSpecification","valueRequired":true,"valueName":"search_term_string"}}],"inLanguage":"fr-FR"},{"@type":"Organization","@id":"https:\/\/mita-a11y.mentine.work\/#organization","name":"MITA Cooling Technologies","url":"https:\/\/mita-a11y.mentine.work\/","logo":{"@type":"ImageObject","inLanguage":"fr-FR","@id":"https:\/\/mita-a11y.mentine.work\/#\/schema\/logo\/image\/","url":"https:\/\/www.mitacoolingtechnologies.com\/wp-content\/uploads\/2021\/04\/MITA_cooling_alta.png","contentUrl":"https:\/\/www.mitacoolingtechnologies.com\/wp-content\/uploads\/2021\/04\/MITA_cooling_alta.png","width":1676,"height":462,"caption":"MITA Cooling Technologies"},"image":{"@id":"https:\/\/mita-a11y.mentine.work\/#\/schema\/logo\/image\/"},"sameAs":["https:\/\/www.facebook.com\/MITA-Group-142299133128326","https:\/\/x.com\/MITAgroup_ita","https:\/\/www.instagram.com\/mitagroup_ita\/","https:\/\/www.linkedin.com\/company\/mitacoolingtechnologies\/","https:\/\/www.youtube.com\/playlist?list=PL6vCZ7E5FHe9AI-Ja5CIyfCGfJ-usQ71h"]}]}},"_links":{"self":[{"href":"https:\/\/mita.mentine.work\/fr\/wp-json\/wp\/v2\/pages\/14483","targetHints":{"allow":["GET"]}}],"collection":[{"href":"https:\/\/mita.mentine.work\/fr\/wp-json\/wp\/v2\/pages"}],"about":[{"href":"https:\/\/mita.mentine.work\/fr\/wp-json\/wp\/v2\/types\/page"}],"author":[{"embeddable":true,"href":"https:\/\/mita.mentine.work\/fr\/wp-json\/wp\/v2\/users\/3"}],"replies":[{"embeddable":true,"href":"https:\/\/mita.mentine.work\/fr\/wp-json\/wp\/v2\/comments?post=14483"}],"version-history":[{"count":10,"href":"https:\/\/mita.mentine.work\/fr\/wp-json\/wp\/v2\/pages\/14483\/revisions"}],"predecessor-version":[{"id":43221,"href":"https:\/\/mita.mentine.work\/fr\/wp-json\/wp\/v2\/pages\/14483\/revisions\/43221"}],"up":[{"embeddable":true,"href":"https:\/\/mita.mentine.work\/fr\/wp-json\/wp\/v2\/pages\/9345"}],"wp:featuredmedia":[{"embeddable":true,"href":"https:\/\/mita.mentine.work\/fr\/wp-json\/wp\/v2\/media\/12104"}],"wp:attachment":[{"href":"https:\/\/mita.mentine.work\/fr\/wp-json\/wp\/v2\/media?parent=14483"}],"curies":[{"name":"wp","href":"https:\/\/api.w.org\/{rel}","templated":true}]}}