{"id":8569,"date":"2021-02-25T16:39:09","date_gmt":"2021-02-25T15:39:09","guid":{"rendered":"https:\/\/www.mitacoolingtechnologies.com\/?page_id=8569"},"modified":"2023-04-18T17:33:33","modified_gmt":"2023-04-18T15:33:33","slug":"auswechseln-eines-kuehlsystems","status":"publish","type":"page","link":"https:\/\/mita.mentine.work\/de\/kuehltechnik\/auswechseln-eines-kuehlsystems\/","title":{"rendered":"Auswechseln eines K\u00fchlsystems"},"content":{"rendered":"","protected":false},"excerpt":{"rendered":"","protected":false},"author":1,"featured_media":8571,"parent":8550,"menu_order":291,"comment_status":"closed","ping_status":"closed","template":"","meta":{"_acf_changed":false,"inline_featured_image":false,"footnotes":""},"class_list":["post-8569","page","type-page","status-publish","has-post-thumbnail","hentry"],"acf":[],"yoast_head":"<!-- This site is optimized with the Yoast SEO plugin v26.9 - https:\/\/yoast.com\/product\/yoast-seo-wordpress\/ -->\n<title>Auswechseln eines K\u00fchlsystems - MITA Cooling Technologies<\/title>\n<meta name=\"description\" content=\"Beides kann mit den unterschiedlichsten L\u00f6sungen auf dem Markt ersetzt werden. Vorausgesetzt, es wird eine seri\u00f6se Voranalyse der Systemanforderungen durchgef\u00fchrt.\" \/>\n<meta name=\"robots\" content=\"noindex, follow, max-snippet:-1, max-image-preview:large, max-video-preview:-1\" \/>\n<meta property=\"og:locale\" content=\"de_DE\" \/>\n<meta property=\"og:type\" content=\"article\" \/>\n<meta property=\"og:title\" content=\"Auswechseln eines K\u00fchlsystems - MITA Cooling Technologies\" \/>\n<meta property=\"og:description\" content=\"Beides kann mit den unterschiedlichsten L\u00f6sungen auf dem Markt ersetzt werden. Vorausgesetzt, es wird eine seri\u00f6se Voranalyse der Systemanforderungen durchgef\u00fchrt.\" \/>\n<meta property=\"og:url\" content=\"https:\/\/mita.mentine.work\/de\/kuehltechnik\/auswechseln-eines-kuehlsystems\/\" \/>\n<meta property=\"og:site_name\" content=\"MITA Cooling Technologies\" \/>\n<meta property=\"article:publisher\" content=\"https:\/\/www.facebook.com\/MITA-Group-142299133128326\" \/>\n<meta property=\"article:modified_time\" content=\"2023-04-18T15:33:33+00:00\" \/>\n<meta property=\"og:image\" content=\"https:\/\/mita.mentine.work\/wp-content\/uploads\/2021\/03\/PMS-Towers-in-Albany-1.jpg\" \/>\n\t<meta property=\"og:image:width\" content=\"1920\" \/>\n\t<meta property=\"og:image:height\" content=\"1080\" \/>\n\t<meta property=\"og:image:type\" content=\"image\/jpeg\" \/>\n<meta name=\"twitter:card\" content=\"summary_large_image\" \/>\n<meta name=\"twitter:site\" content=\"@MITAgroup_ita\" \/>\n<script type=\"application\/ld+json\" class=\"yoast-schema-graph\">{\"@context\":\"https:\/\/schema.org\",\"@graph\":[{\"@type\":\"WebPage\",\"@id\":\"https:\/\/mita.mentine.work\/de\/kuehltechnik\/auswechseln-eines-kuehlsystems\/\",\"url\":\"https:\/\/mita.mentine.work\/de\/kuehltechnik\/auswechseln-eines-kuehlsystems\/\",\"name\":\"Auswechseln eines K\u00fchlsystems - MITA Cooling Technologies\",\"isPartOf\":{\"@id\":\"https:\/\/mita-a11y.mentine.work\/#website\"},\"primaryImageOfPage\":{\"@id\":\"https:\/\/mita.mentine.work\/de\/kuehltechnik\/auswechseln-eines-kuehlsystems\/#primaryimage\"},\"image\":{\"@id\":\"https:\/\/mita.mentine.work\/de\/kuehltechnik\/auswechseln-eines-kuehlsystems\/#primaryimage\"},\"thumbnailUrl\":\"https:\/\/mita.mentine.work\/wp-content\/uploads\/2021\/03\/PMS-Towers-in-Albany-1.jpg\",\"datePublished\":\"2021-02-25T15:39:09+00:00\",\"dateModified\":\"2023-04-18T15:33:33+00:00\",\"description\":\"Beides kann mit den unterschiedlichsten L\u00f6sungen auf dem Markt ersetzt werden. Vorausgesetzt, es wird eine seri\u00f6se Voranalyse der Systemanforderungen durchgef\u00fchrt.\",\"breadcrumb\":{\"@id\":\"https:\/\/mita.mentine.work\/de\/kuehltechnik\/auswechseln-eines-kuehlsystems\/#breadcrumb\"},\"inLanguage\":\"de-DE\",\"potentialAction\":[{\"@type\":\"ReadAction\",\"target\":[\"https:\/\/mita.mentine.work\/de\/kuehltechnik\/auswechseln-eines-kuehlsystems\/\"]}]},{\"@type\":\"ImageObject\",\"inLanguage\":\"de-DE\",\"@id\":\"https:\/\/mita.mentine.work\/de\/kuehltechnik\/auswechseln-eines-kuehlsystems\/#primaryimage\",\"url\":\"https:\/\/mita.mentine.work\/wp-content\/uploads\/2021\/03\/PMS-Towers-in-Albany-1.jpg\",\"contentUrl\":\"https:\/\/mita.mentine.work\/wp-content\/uploads\/2021\/03\/PMS-Towers-in-Albany-1.jpg\",\"width\":1920,\"height\":1080,\"caption\":\"PMS-K\u00fchlt\u00fcrme in Albanien\"},{\"@type\":\"BreadcrumbList\",\"@id\":\"https:\/\/mita.mentine.work\/de\/kuehltechnik\/auswechseln-eines-kuehlsystems\/#breadcrumb\",\"itemListElement\":[{\"@type\":\"ListItem\",\"position\":1,\"name\":\"Home\",\"item\":\"https:\/\/mita.mentine.work\/de\/\"},{\"@type\":\"ListItem\",\"position\":2,\"name\":\"K\u00dcHLTECHNIK\",\"item\":\"https:\/\/mita.mentine.work\/de\/kuehltechnik\/\"},{\"@type\":\"ListItem\",\"position\":3,\"name\":\"Auswechseln eines K\u00fchlsystems\"}]},{\"@type\":\"WebSite\",\"@id\":\"https:\/\/mita-a11y.mentine.work\/#website\",\"url\":\"https:\/\/mita-a11y.mentine.work\/\",\"name\":\"MITA Cooling Technologies\",\"description\":\"Your Process Cooling Advisor\",\"publisher\":{\"@id\":\"https:\/\/mita-a11y.mentine.work\/#organization\"},\"potentialAction\":[{\"@type\":\"SearchAction\",\"target\":{\"@type\":\"EntryPoint\",\"urlTemplate\":\"https:\/\/mita-a11y.mentine.work\/?s={search_term_string}\"},\"query-input\":{\"@type\":\"PropertyValueSpecification\",\"valueRequired\":true,\"valueName\":\"search_term_string\"}}],\"inLanguage\":\"de-DE\"},{\"@type\":\"Organization\",\"@id\":\"https:\/\/mita-a11y.mentine.work\/#organization\",\"name\":\"MITA Cooling Technologies\",\"url\":\"https:\/\/mita-a11y.mentine.work\/\",\"logo\":{\"@type\":\"ImageObject\",\"inLanguage\":\"de-DE\",\"@id\":\"https:\/\/mita-a11y.mentine.work\/#\/schema\/logo\/image\/\",\"url\":\"https:\/\/www.mitacoolingtechnologies.com\/wp-content\/uploads\/2021\/04\/MITA_cooling_alta.png\",\"contentUrl\":\"https:\/\/www.mitacoolingtechnologies.com\/wp-content\/uploads\/2021\/04\/MITA_cooling_alta.png\",\"width\":1676,\"height\":462,\"caption\":\"MITA Cooling Technologies\"},\"image\":{\"@id\":\"https:\/\/mita-a11y.mentine.work\/#\/schema\/logo\/image\/\"},\"sameAs\":[\"https:\/\/www.facebook.com\/MITA-Group-142299133128326\",\"https:\/\/x.com\/MITAgroup_ita\",\"https:\/\/www.instagram.com\/mitagroup_ita\/\",\"https:\/\/www.linkedin.com\/company\/mitacoolingtechnologies\/\",\"https:\/\/www.youtube.com\/playlist?list=PL6vCZ7E5FHe9AI-Ja5CIyfCGfJ-usQ71h\"]}]}<\/script>\n<!-- \/ Yoast SEO plugin. -->","yoast_head_json":{"title":"Auswechseln eines K\u00fchlsystems - MITA Cooling Technologies","description":"Beides kann mit den unterschiedlichsten L\u00f6sungen auf dem Markt ersetzt werden. Vorausgesetzt, es wird eine seri\u00f6se Voranalyse der Systemanforderungen durchgef\u00fchrt.","robots":{"index":"noindex","follow":"follow","max-snippet":"max-snippet:-1","max-image-preview":"max-image-preview:large","max-video-preview":"max-video-preview:-1"},"og_locale":"de_DE","og_type":"article","og_title":"Auswechseln eines K\u00fchlsystems - MITA Cooling Technologies","og_description":"Beides kann mit den unterschiedlichsten L\u00f6sungen auf dem Markt ersetzt werden. Vorausgesetzt, es wird eine seri\u00f6se Voranalyse der Systemanforderungen durchgef\u00fchrt.","og_url":"https:\/\/mita.mentine.work\/de\/kuehltechnik\/auswechseln-eines-kuehlsystems\/","og_site_name":"MITA Cooling Technologies","article_publisher":"https:\/\/www.facebook.com\/MITA-Group-142299133128326","article_modified_time":"2023-04-18T15:33:33+00:00","og_image":[{"width":1920,"height":1080,"url":"https:\/\/mita.mentine.work\/wp-content\/uploads\/2021\/03\/PMS-Towers-in-Albany-1.jpg","type":"image\/jpeg"}],"twitter_card":"summary_large_image","twitter_site":"@MITAgroup_ita","schema":{"@context":"https:\/\/schema.org","@graph":[{"@type":"WebPage","@id":"https:\/\/mita.mentine.work\/de\/kuehltechnik\/auswechseln-eines-kuehlsystems\/","url":"https:\/\/mita.mentine.work\/de\/kuehltechnik\/auswechseln-eines-kuehlsystems\/","name":"Auswechseln eines K\u00fchlsystems - MITA Cooling Technologies","isPartOf":{"@id":"https:\/\/mita-a11y.mentine.work\/#website"},"primaryImageOfPage":{"@id":"https:\/\/mita.mentine.work\/de\/kuehltechnik\/auswechseln-eines-kuehlsystems\/#primaryimage"},"image":{"@id":"https:\/\/mita.mentine.work\/de\/kuehltechnik\/auswechseln-eines-kuehlsystems\/#primaryimage"},"thumbnailUrl":"https:\/\/mita.mentine.work\/wp-content\/uploads\/2021\/03\/PMS-Towers-in-Albany-1.jpg","datePublished":"2021-02-25T15:39:09+00:00","dateModified":"2023-04-18T15:33:33+00:00","description":"Beides kann mit den unterschiedlichsten L\u00f6sungen auf dem Markt ersetzt werden. Vorausgesetzt, es wird eine seri\u00f6se Voranalyse der Systemanforderungen durchgef\u00fchrt.","breadcrumb":{"@id":"https:\/\/mita.mentine.work\/de\/kuehltechnik\/auswechseln-eines-kuehlsystems\/#breadcrumb"},"inLanguage":"de-DE","potentialAction":[{"@type":"ReadAction","target":["https:\/\/mita.mentine.work\/de\/kuehltechnik\/auswechseln-eines-kuehlsystems\/"]}]},{"@type":"ImageObject","inLanguage":"de-DE","@id":"https:\/\/mita.mentine.work\/de\/kuehltechnik\/auswechseln-eines-kuehlsystems\/#primaryimage","url":"https:\/\/mita.mentine.work\/wp-content\/uploads\/2021\/03\/PMS-Towers-in-Albany-1.jpg","contentUrl":"https:\/\/mita.mentine.work\/wp-content\/uploads\/2021\/03\/PMS-Towers-in-Albany-1.jpg","width":1920,"height":1080,"caption":"PMS-K\u00fchlt\u00fcrme in Albanien"},{"@type":"BreadcrumbList","@id":"https:\/\/mita.mentine.work\/de\/kuehltechnik\/auswechseln-eines-kuehlsystems\/#breadcrumb","itemListElement":[{"@type":"ListItem","position":1,"name":"Home","item":"https:\/\/mita.mentine.work\/de\/"},{"@type":"ListItem","position":2,"name":"K\u00dcHLTECHNIK","item":"https:\/\/mita.mentine.work\/de\/kuehltechnik\/"},{"@type":"ListItem","position":3,"name":"Auswechseln eines K\u00fchlsystems"}]},{"@type":"WebSite","@id":"https:\/\/mita-a11y.mentine.work\/#website","url":"https:\/\/mita-a11y.mentine.work\/","name":"MITA Cooling Technologies","description":"Your Process Cooling Advisor","publisher":{"@id":"https:\/\/mita-a11y.mentine.work\/#organization"},"potentialAction":[{"@type":"SearchAction","target":{"@type":"EntryPoint","urlTemplate":"https:\/\/mita-a11y.mentine.work\/?s={search_term_string}"},"query-input":{"@type":"PropertyValueSpecification","valueRequired":true,"valueName":"search_term_string"}}],"inLanguage":"de-DE"},{"@type":"Organization","@id":"https:\/\/mita-a11y.mentine.work\/#organization","name":"MITA Cooling Technologies","url":"https:\/\/mita-a11y.mentine.work\/","logo":{"@type":"ImageObject","inLanguage":"de-DE","@id":"https:\/\/mita-a11y.mentine.work\/#\/schema\/logo\/image\/","url":"https:\/\/www.mitacoolingtechnologies.com\/wp-content\/uploads\/2021\/04\/MITA_cooling_alta.png","contentUrl":"https:\/\/www.mitacoolingtechnologies.com\/wp-content\/uploads\/2021\/04\/MITA_cooling_alta.png","width":1676,"height":462,"caption":"MITA Cooling Technologies"},"image":{"@id":"https:\/\/mita-a11y.mentine.work\/#\/schema\/logo\/image\/"},"sameAs":["https:\/\/www.facebook.com\/MITA-Group-142299133128326","https:\/\/x.com\/MITAgroup_ita","https:\/\/www.instagram.com\/mitagroup_ita\/","https:\/\/www.linkedin.com\/company\/mitacoolingtechnologies\/","https:\/\/www.youtube.com\/playlist?list=PL6vCZ7E5FHe9AI-Ja5CIyfCGfJ-usQ71h"]}]}},"_links":{"self":[{"href":"https:\/\/mita.mentine.work\/de\/wp-json\/wp\/v2\/pages\/8569","targetHints":{"allow":["GET"]}}],"collection":[{"href":"https:\/\/mita.mentine.work\/de\/wp-json\/wp\/v2\/pages"}],"about":[{"href":"https:\/\/mita.mentine.work\/de\/wp-json\/wp\/v2\/types\/page"}],"author":[{"embeddable":true,"href":"https:\/\/mita.mentine.work\/de\/wp-json\/wp\/v2\/users\/1"}],"replies":[{"embeddable":true,"href":"https:\/\/mita.mentine.work\/de\/wp-json\/wp\/v2\/comments?post=8569"}],"version-history":[{"count":13,"href":"https:\/\/mita.mentine.work\/de\/wp-json\/wp\/v2\/pages\/8569\/revisions"}],"predecessor-version":[{"id":19973,"href":"https:\/\/mita.mentine.work\/de\/wp-json\/wp\/v2\/pages\/8569\/revisions\/19973"}],"up":[{"embeddable":true,"href":"https:\/\/mita.mentine.work\/de\/wp-json\/wp\/v2\/pages\/8550"}],"wp:featuredmedia":[{"embeddable":true,"href":"https:\/\/mita.mentine.work\/de\/wp-json\/wp\/v2\/media\/8571"}],"wp:attachment":[{"href":"https:\/\/mita.mentine.work\/de\/wp-json\/wp\/v2\/media?parent=8569"}],"curies":[{"name":"wp","href":"https:\/\/api.w.org\/{rel}","templated":true}]}}