{"id":8559,"date":"2021-02-25T16:38:57","date_gmt":"2021-02-25T15:38:57","guid":{"rendered":"https:\/\/www.mitacoolingtechnologies.com\/?page_id=8559"},"modified":"2023-07-26T14:56:26","modified_gmt":"2023-07-26T12:56:26","slug":"konstruktion-einer-neuen-kuehlanlage","status":"publish","type":"page","link":"https:\/\/mita.mentine.work\/de\/kuehltechnik\/konstruktion-einer-neuen-kuehlanlage\/","title":{"rendered":"Konstruktion einer neuen K\u00fchlanlage"},"content":{"rendered":"","protected":false},"excerpt":{"rendered":"","protected":false},"author":1,"featured_media":5704,"parent":8550,"menu_order":286,"comment_status":"closed","ping_status":"closed","template":"","meta":{"_acf_changed":false,"inline_featured_image":false,"footnotes":""},"class_list":["post-8559","page","type-page","status-publish","has-post-thumbnail","hentry"],"acf":[],"yoast_head":"<!-- This site is optimized with the Yoast SEO plugin v26.9 - https:\/\/yoast.com\/product\/yoast-seo-wordpress\/ -->\n<title>Konstruktion einer neuen K\u00fchlanlage - MITA Cooling Technologies<\/title>\n<meta name=\"description\" content=\"Lassen Sie uns \u00fcber Ihre Projektanforderungen sprechen: hier beginnen wir mit der Auswahl der K\u00fchltechnologie, die am besten zu Ihrem System passt.\" \/>\n<meta name=\"robots\" content=\"noindex, follow, max-snippet:-1, max-image-preview:large, max-video-preview:-1\" \/>\n<meta property=\"og:locale\" content=\"de_DE\" \/>\n<meta property=\"og:type\" content=\"article\" \/>\n<meta property=\"og:title\" content=\"Konstruktion einer neuen K\u00fchlanlage - MITA Cooling Technologies\" \/>\n<meta property=\"og:description\" content=\"Lassen Sie uns \u00fcber Ihre Projektanforderungen sprechen: hier beginnen wir mit der Auswahl der K\u00fchltechnologie, die am besten zu Ihrem System passt.\" \/>\n<meta property=\"og:url\" content=\"https:\/\/mita.mentine.work\/de\/kuehltechnik\/konstruktion-einer-neuen-kuehlanlage\/\" \/>\n<meta property=\"og:site_name\" content=\"MITA Cooling Technologies\" \/>\n<meta property=\"article:publisher\" content=\"https:\/\/www.facebook.com\/MITA-Group-142299133128326\" \/>\n<meta property=\"article:modified_time\" content=\"2023-07-26T12:56:26+00:00\" \/>\n<meta property=\"og:image\" content=\"https:\/\/mita.mentine.work\/wp-content\/uploads\/2021\/03\/New-Plant-Projecting-in-Cooling-Technologies.jpg\" \/>\n\t<meta property=\"og:image:width\" content=\"1920\" \/>\n\t<meta property=\"og:image:height\" content=\"1080\" \/>\n\t<meta property=\"og:image:type\" content=\"image\/jpeg\" \/>\n<meta name=\"twitter:card\" content=\"summary_large_image\" \/>\n<meta name=\"twitter:site\" content=\"@MITAgroup_ita\" \/>\n<script type=\"application\/ld+json\" class=\"yoast-schema-graph\">{\"@context\":\"https:\/\/schema.org\",\"@graph\":[{\"@type\":\"WebPage\",\"@id\":\"https:\/\/mita.mentine.work\/de\/kuehltechnik\/konstruktion-einer-neuen-kuehlanlage\/\",\"url\":\"https:\/\/mita.mentine.work\/de\/kuehltechnik\/konstruktion-einer-neuen-kuehlanlage\/\",\"name\":\"Konstruktion einer neuen K\u00fchlanlage - MITA Cooling Technologies\",\"isPartOf\":{\"@id\":\"https:\/\/mita-a11y.mentine.work\/#website\"},\"primaryImageOfPage\":{\"@id\":\"https:\/\/mita.mentine.work\/de\/kuehltechnik\/konstruktion-einer-neuen-kuehlanlage\/#primaryimage\"},\"image\":{\"@id\":\"https:\/\/mita.mentine.work\/de\/kuehltechnik\/konstruktion-einer-neuen-kuehlanlage\/#primaryimage\"},\"thumbnailUrl\":\"https:\/\/mita.mentine.work\/wp-content\/uploads\/2021\/03\/New-Plant-Projecting-in-Cooling-Technologies.jpg\",\"datePublished\":\"2021-02-25T15:38:57+00:00\",\"dateModified\":\"2023-07-26T12:56:26+00:00\",\"description\":\"Lassen Sie uns \u00fcber Ihre Projektanforderungen sprechen: hier beginnen wir mit der Auswahl der K\u00fchltechnologie, die am besten zu Ihrem System passt.\",\"breadcrumb\":{\"@id\":\"https:\/\/mita.mentine.work\/de\/kuehltechnik\/konstruktion-einer-neuen-kuehlanlage\/#breadcrumb\"},\"inLanguage\":\"de-DE\",\"potentialAction\":[{\"@type\":\"ReadAction\",\"target\":[\"https:\/\/mita.mentine.work\/de\/kuehltechnik\/konstruktion-einer-neuen-kuehlanlage\/\"]}]},{\"@type\":\"ImageObject\",\"inLanguage\":\"de-DE\",\"@id\":\"https:\/\/mita.mentine.work\/de\/kuehltechnik\/konstruktion-einer-neuen-kuehlanlage\/#primaryimage\",\"url\":\"https:\/\/mita.mentine.work\/wp-content\/uploads\/2021\/03\/New-Plant-Projecting-in-Cooling-Technologies.jpg\",\"contentUrl\":\"https:\/\/mita.mentine.work\/wp-content\/uploads\/2021\/03\/New-Plant-Projecting-in-Cooling-Technologies.jpg\",\"width\":1920,\"height\":1080,\"caption\":\"Wir montieren Ihre neue K\u00fchltechnik\"},{\"@type\":\"BreadcrumbList\",\"@id\":\"https:\/\/mita.mentine.work\/de\/kuehltechnik\/konstruktion-einer-neuen-kuehlanlage\/#breadcrumb\",\"itemListElement\":[{\"@type\":\"ListItem\",\"position\":1,\"name\":\"Home\",\"item\":\"https:\/\/mita.mentine.work\/de\/\"},{\"@type\":\"ListItem\",\"position\":2,\"name\":\"K\u00dcHLTECHNIK\",\"item\":\"https:\/\/mita.mentine.work\/de\/kuehltechnik\/\"},{\"@type\":\"ListItem\",\"position\":3,\"name\":\"Konstruktion einer neuen K\u00fchlanlage\"}]},{\"@type\":\"WebSite\",\"@id\":\"https:\/\/mita-a11y.mentine.work\/#website\",\"url\":\"https:\/\/mita-a11y.mentine.work\/\",\"name\":\"MITA Cooling Technologies\",\"description\":\"Your Process Cooling Advisor\",\"publisher\":{\"@id\":\"https:\/\/mita-a11y.mentine.work\/#organization\"},\"potentialAction\":[{\"@type\":\"SearchAction\",\"target\":{\"@type\":\"EntryPoint\",\"urlTemplate\":\"https:\/\/mita-a11y.mentine.work\/?s={search_term_string}\"},\"query-input\":{\"@type\":\"PropertyValueSpecification\",\"valueRequired\":true,\"valueName\":\"search_term_string\"}}],\"inLanguage\":\"de-DE\"},{\"@type\":\"Organization\",\"@id\":\"https:\/\/mita-a11y.mentine.work\/#organization\",\"name\":\"MITA Cooling Technologies\",\"url\":\"https:\/\/mita-a11y.mentine.work\/\",\"logo\":{\"@type\":\"ImageObject\",\"inLanguage\":\"de-DE\",\"@id\":\"https:\/\/mita-a11y.mentine.work\/#\/schema\/logo\/image\/\",\"url\":\"https:\/\/www.mitacoolingtechnologies.com\/wp-content\/uploads\/2021\/04\/MITA_cooling_alta.png\",\"contentUrl\":\"https:\/\/www.mitacoolingtechnologies.com\/wp-content\/uploads\/2021\/04\/MITA_cooling_alta.png\",\"width\":1676,\"height\":462,\"caption\":\"MITA Cooling Technologies\"},\"image\":{\"@id\":\"https:\/\/mita-a11y.mentine.work\/#\/schema\/logo\/image\/\"},\"sameAs\":[\"https:\/\/www.facebook.com\/MITA-Group-142299133128326\",\"https:\/\/x.com\/MITAgroup_ita\",\"https:\/\/www.instagram.com\/mitagroup_ita\/\",\"https:\/\/www.linkedin.com\/company\/mitacoolingtechnologies\/\",\"https:\/\/www.youtube.com\/playlist?list=PL6vCZ7E5FHe9AI-Ja5CIyfCGfJ-usQ71h\"]}]}<\/script>\n<!-- \/ Yoast SEO plugin. -->","yoast_head_json":{"title":"Konstruktion einer neuen K\u00fchlanlage - MITA Cooling Technologies","description":"Lassen Sie uns \u00fcber Ihre Projektanforderungen sprechen: hier beginnen wir mit der Auswahl der K\u00fchltechnologie, die am besten zu Ihrem System passt.","robots":{"index":"noindex","follow":"follow","max-snippet":"max-snippet:-1","max-image-preview":"max-image-preview:large","max-video-preview":"max-video-preview:-1"},"og_locale":"de_DE","og_type":"article","og_title":"Konstruktion einer neuen K\u00fchlanlage - MITA Cooling Technologies","og_description":"Lassen Sie uns \u00fcber Ihre Projektanforderungen sprechen: hier beginnen wir mit der Auswahl der K\u00fchltechnologie, die am besten zu Ihrem System passt.","og_url":"https:\/\/mita.mentine.work\/de\/kuehltechnik\/konstruktion-einer-neuen-kuehlanlage\/","og_site_name":"MITA Cooling Technologies","article_publisher":"https:\/\/www.facebook.com\/MITA-Group-142299133128326","article_modified_time":"2023-07-26T12:56:26+00:00","og_image":[{"width":1920,"height":1080,"url":"https:\/\/mita.mentine.work\/wp-content\/uploads\/2021\/03\/New-Plant-Projecting-in-Cooling-Technologies.jpg","type":"image\/jpeg"}],"twitter_card":"summary_large_image","twitter_site":"@MITAgroup_ita","schema":{"@context":"https:\/\/schema.org","@graph":[{"@type":"WebPage","@id":"https:\/\/mita.mentine.work\/de\/kuehltechnik\/konstruktion-einer-neuen-kuehlanlage\/","url":"https:\/\/mita.mentine.work\/de\/kuehltechnik\/konstruktion-einer-neuen-kuehlanlage\/","name":"Konstruktion einer neuen K\u00fchlanlage - MITA Cooling Technologies","isPartOf":{"@id":"https:\/\/mita-a11y.mentine.work\/#website"},"primaryImageOfPage":{"@id":"https:\/\/mita.mentine.work\/de\/kuehltechnik\/konstruktion-einer-neuen-kuehlanlage\/#primaryimage"},"image":{"@id":"https:\/\/mita.mentine.work\/de\/kuehltechnik\/konstruktion-einer-neuen-kuehlanlage\/#primaryimage"},"thumbnailUrl":"https:\/\/mita.mentine.work\/wp-content\/uploads\/2021\/03\/New-Plant-Projecting-in-Cooling-Technologies.jpg","datePublished":"2021-02-25T15:38:57+00:00","dateModified":"2023-07-26T12:56:26+00:00","description":"Lassen Sie uns \u00fcber Ihre Projektanforderungen sprechen: hier beginnen wir mit der Auswahl der K\u00fchltechnologie, die am besten zu Ihrem System passt.","breadcrumb":{"@id":"https:\/\/mita.mentine.work\/de\/kuehltechnik\/konstruktion-einer-neuen-kuehlanlage\/#breadcrumb"},"inLanguage":"de-DE","potentialAction":[{"@type":"ReadAction","target":["https:\/\/mita.mentine.work\/de\/kuehltechnik\/konstruktion-einer-neuen-kuehlanlage\/"]}]},{"@type":"ImageObject","inLanguage":"de-DE","@id":"https:\/\/mita.mentine.work\/de\/kuehltechnik\/konstruktion-einer-neuen-kuehlanlage\/#primaryimage","url":"https:\/\/mita.mentine.work\/wp-content\/uploads\/2021\/03\/New-Plant-Projecting-in-Cooling-Technologies.jpg","contentUrl":"https:\/\/mita.mentine.work\/wp-content\/uploads\/2021\/03\/New-Plant-Projecting-in-Cooling-Technologies.jpg","width":1920,"height":1080,"caption":"Wir montieren Ihre neue K\u00fchltechnik"},{"@type":"BreadcrumbList","@id":"https:\/\/mita.mentine.work\/de\/kuehltechnik\/konstruktion-einer-neuen-kuehlanlage\/#breadcrumb","itemListElement":[{"@type":"ListItem","position":1,"name":"Home","item":"https:\/\/mita.mentine.work\/de\/"},{"@type":"ListItem","position":2,"name":"K\u00dcHLTECHNIK","item":"https:\/\/mita.mentine.work\/de\/kuehltechnik\/"},{"@type":"ListItem","position":3,"name":"Konstruktion einer neuen K\u00fchlanlage"}]},{"@type":"WebSite","@id":"https:\/\/mita-a11y.mentine.work\/#website","url":"https:\/\/mita-a11y.mentine.work\/","name":"MITA Cooling Technologies","description":"Your Process Cooling Advisor","publisher":{"@id":"https:\/\/mita-a11y.mentine.work\/#organization"},"potentialAction":[{"@type":"SearchAction","target":{"@type":"EntryPoint","urlTemplate":"https:\/\/mita-a11y.mentine.work\/?s={search_term_string}"},"query-input":{"@type":"PropertyValueSpecification","valueRequired":true,"valueName":"search_term_string"}}],"inLanguage":"de-DE"},{"@type":"Organization","@id":"https:\/\/mita-a11y.mentine.work\/#organization","name":"MITA Cooling Technologies","url":"https:\/\/mita-a11y.mentine.work\/","logo":{"@type":"ImageObject","inLanguage":"de-DE","@id":"https:\/\/mita-a11y.mentine.work\/#\/schema\/logo\/image\/","url":"https:\/\/www.mitacoolingtechnologies.com\/wp-content\/uploads\/2021\/04\/MITA_cooling_alta.png","contentUrl":"https:\/\/www.mitacoolingtechnologies.com\/wp-content\/uploads\/2021\/04\/MITA_cooling_alta.png","width":1676,"height":462,"caption":"MITA Cooling Technologies"},"image":{"@id":"https:\/\/mita-a11y.mentine.work\/#\/schema\/logo\/image\/"},"sameAs":["https:\/\/www.facebook.com\/MITA-Group-142299133128326","https:\/\/x.com\/MITAgroup_ita","https:\/\/www.instagram.com\/mitagroup_ita\/","https:\/\/www.linkedin.com\/company\/mitacoolingtechnologies\/","https:\/\/www.youtube.com\/playlist?list=PL6vCZ7E5FHe9AI-Ja5CIyfCGfJ-usQ71h"]}]}},"_links":{"self":[{"href":"https:\/\/mita.mentine.work\/de\/wp-json\/wp\/v2\/pages\/8559","targetHints":{"allow":["GET"]}}],"collection":[{"href":"https:\/\/mita.mentine.work\/de\/wp-json\/wp\/v2\/pages"}],"about":[{"href":"https:\/\/mita.mentine.work\/de\/wp-json\/wp\/v2\/types\/page"}],"author":[{"embeddable":true,"href":"https:\/\/mita.mentine.work\/de\/wp-json\/wp\/v2\/users\/1"}],"replies":[{"embeddable":true,"href":"https:\/\/mita.mentine.work\/de\/wp-json\/wp\/v2\/comments?post=8559"}],"version-history":[{"count":17,"href":"https:\/\/mita.mentine.work\/de\/wp-json\/wp\/v2\/pages\/8559\/revisions"}],"predecessor-version":[{"id":22699,"href":"https:\/\/mita.mentine.work\/de\/wp-json\/wp\/v2\/pages\/8559\/revisions\/22699"}],"up":[{"embeddable":true,"href":"https:\/\/mita.mentine.work\/de\/wp-json\/wp\/v2\/pages\/8550"}],"wp:featuredmedia":[{"embeddable":true,"href":"https:\/\/mita.mentine.work\/de\/wp-json\/wp\/v2\/media\/5704"}],"wp:attachment":[{"href":"https:\/\/mita.mentine.work\/de\/wp-json\/wp\/v2\/media?parent=8559"}],"curies":[{"name":"wp","href":"https:\/\/api.w.org\/{rel}","templated":true}]}}